{"id":989,"date":"2022-10-28T17:55:26","date_gmt":"2022-10-28T15:55:26","guid":{"rendered":"https:\/\/iwz2022.ue.wroc.pl\/?page_id=989"},"modified":"2022-11-06T12:49:20","modified_gmt":"2022-11-06T11:49:20","slug":"about-the-conference","status":"publish","type":"page","link":"https:\/\/iwz2022.ue.wroc.pl\/?page_id=989","title":{"rendered":"About the Conference\u00a0"},"content":{"rendered":"\t\t<div data-elementor-type=\"wp-page\" data-elementor-id=\"989\" class=\"elementor elementor-989\" data-elementor-settings=\"[]\">\n\t\t\t\t\t\t\t<div class=\"elementor-section-wrap\">\n\t\t\t\t\t\t\t<section class=\"elementor-section elementor-top-section elementor-element elementor-element-6caefba9 elementor-section-full_width elementor-section-height-min-height elementor-section-height-default elementor-section-items-middle\" data-id=\"6caefba9\" data-element_type=\"section\" data-settings=\"{&quot;background_background&quot;:&quot;gradient&quot;,&quot;shape_divider_top&quot;:&quot;book&quot;,&quot;shape_divider_top_negative&quot;:&quot;yes&quot;}\">\n\t\t\t\t\t<div class=\"elementor-shape elementor-shape-top\" data-negative=\"true\">\n\t\t\t<svg xmlns=\"http:\/\/www.w3.org\/2000\/svg\" viewBox=\"0 0 1000 100\" preserveAspectRatio=\"none\">\n\t<path class=\"elementor-shape-fill\" d=\"M806,94.7C619.5,90,500,20.3,500,1.7c-1,18.6-117.5,88.3-306,93C92,97.2,0,97.9,0,97.9v-0l0,0v2.3h1000v-2.3 C1000,97.7,920.3,97.6,806,94.7z M350,65.1L350,65.1L350,65.1L350,65.1z\"\/>\n<\/svg>\n\t\t<\/div>\n\t\t\t\t\t<div class=\"elementor-container elementor-column-gap-default\">\n\t\t\t\t\t<div class=\"elementor-column elementor-col-100 elementor-top-column elementor-element elementor-element-45a028d4\" data-id=\"45a028d4\" data-element_type=\"column\">\n\t\t\t<div class=\"elementor-widget-wrap elementor-element-populated\">\n\t\t\t\t\t\t\t\t<section class=\"elementor-section elementor-inner-section elementor-element elementor-element-6766792 elementor-section-boxed elementor-section-height-default elementor-section-height-default\" data-id=\"6766792\" data-element_type=\"section\">\n\t\t\t\t\t\t<div class=\"elementor-container elementor-column-gap-default\">\n\t\t\t\t\t<div class=\"elementor-column elementor-col-50 elementor-inner-column elementor-element elementor-element-80e60c8\" data-id=\"80e60c8\" data-element_type=\"column\">\n\t\t\t<div class=\"elementor-widget-wrap elementor-element-populated\">\n\t\t\t\t\t\t\t\t<div class=\"elementor-element elementor-element-1e62335 elementor-widget elementor-widget-heading\" data-id=\"1e62335\" data-element_type=\"widget\" data-widget_type=\"heading.default\">\n\t\t\t\t<div class=\"elementor-widget-container\">\n\t\t\t<style>\/*! elementor - v3.5.6 - 28-02-2022 *\/\n.elementor-heading-title{padding:0;margin:0;line-height:1}.elementor-widget-heading .elementor-heading-title[class*=elementor-size-]>a{color:inherit;font-size:inherit;line-height:inherit}.elementor-widget-heading .elementor-heading-title.elementor-size-small{font-size:15px}.elementor-widget-heading .elementor-heading-title.elementor-size-medium{font-size:19px}.elementor-widget-heading .elementor-heading-title.elementor-size-large{font-size:29px}.elementor-widget-heading .elementor-heading-title.elementor-size-xl{font-size:39px}.elementor-widget-heading .elementor-heading-title.elementor-size-xxl{font-size:59px}<\/style><h1 class=\"elementor-heading-title elementor-size-default\">About the Conference<\/h1>\t\t<\/div>\n\t\t\t\t<\/div>\n\t\t\t\t\t<\/div>\n\t\t<\/div>\n\t\t\t\t<div class=\"elementor-column elementor-col-50 elementor-inner-column elementor-element elementor-element-e270320\" data-id=\"e270320\" data-element_type=\"column\">\n\t\t\t<div class=\"elementor-widget-wrap elementor-element-populated\">\n\t\t\t\t\t\t\t\t<div class=\"elementor-element elementor-element-aa98db7 elementor-widget elementor-widget-image\" data-id=\"aa98db7\" data-element_type=\"widget\" data-widget_type=\"image.default\">\n\t\t\t\t<div class=\"elementor-widget-container\">\n\t\t\t<style>\/*! elementor - v3.5.6 - 28-02-2022 *\/\n.elementor-widget-image{text-align:center}.elementor-widget-image a{display:inline-block}.elementor-widget-image a img[src$=\".svg\"]{width:48px}.elementor-widget-image img{vertical-align:middle;display:inline-block}<\/style>\t\t\t\t\t\t\t\t\t\t\t\t<img decoding=\"async\" src=\"https:\/\/iwz2022.ue.wroc.pl\/wp-content\/uploads\/elementor\/thumbs\/mein_doskonala_nauka_on_white-pww55l0dx7s7yfsb4h4j9pivvh3byr02v6cu511kug.png\" title=\"mein_doskonala_nauka_on_white\" alt=\"mein_doskonala_nauka_on_white\" \/>\t\t\t\t\t\t\t\t\t\t\t\t\t\t\t<\/div>\n\t\t\t\t<\/div>\n\t\t\t\t\t<\/div>\n\t\t<\/div>\n\t\t\t\t\t\t\t<\/div>\n\t\t<\/section>\n\t\t\t\t<div class=\"elementor-element elementor-element-63ba4827 elementor-invisible elementor-widget elementor-widget-text-editor\" data-id=\"63ba4827\" data-element_type=\"widget\" data-settings=\"{&quot;_animation&quot;:&quot;fadeIn&quot;}\" data-widget_type=\"text-editor.default\">\n\t\t\t\t<div class=\"elementor-widget-container\">\n\t\t\t<style>\/*! elementor - v3.5.6 - 28-02-2022 *\/\n.elementor-widget-text-editor.elementor-drop-cap-view-stacked .elementor-drop-cap{background-color:#818a91;color:#fff}.elementor-widget-text-editor.elementor-drop-cap-view-framed .elementor-drop-cap{color:#818a91;border:3px solid;background-color:transparent}.elementor-widget-text-editor:not(.elementor-drop-cap-view-default) .elementor-drop-cap{margin-top:8px}.elementor-widget-text-editor:not(.elementor-drop-cap-view-default) .elementor-drop-cap-letter{width:1em;height:1em}.elementor-widget-text-editor .elementor-drop-cap{float:left;text-align:center;line-height:1;font-size:50px}.elementor-widget-text-editor .elementor-drop-cap-letter{display:inline-block}<\/style>\t\t\t\t<p><strong>VIII Conference on Business Informatics 2022\u00a0<\/strong><\/p><p><strong>\u00a0Wroc\u0142aw, Poland 1-2 December 2022\u00a0<\/strong><\/p><p><span data-ccp-props=\"{\">\u00a0<\/span><span data-contrast=\"auto\">The Scientific Conference on Business Informatics is an annual meeting of scientists from Poland and invited researchers from foreign centers specializing in ICT in management and business. The aim of the conference is to present the results of research on applications of information systems and technologies to support management, business and public organizations. The conference creates a forum for the exchange of scientific achievements and for undertaking joint research initiatives.<\/span><span data-ccp-props=\"{\">\u00a0<\/span><\/p><p><span data-ccp-props=\"{\">\u00a0<\/span><span data-contrast=\"auto\">Each year the conference takes place in a different academic center in Poland. The first two editions were organized by the University of Szczecin (2015, 2016), and then by the Maria Curie-Sk\u0142odowska University in Lublin (2017), the University of \u0141\u00f3d\u017a (2018), the University of Warsaw (2019), and the University of Economics in Katowice (2020). In 2021 conference has been held by the University of Szczecin.<\/span><span data-ccp-props=\"{\">\u00a0<\/span><\/p><p style=\"text-align: left;\"><strong>\u00a0In 2022, the conference is organized by the Wroc\u0142aw University of Economics and Business (WUEB), Poland.\u00a0<\/strong><\/p><p style=\"text-align: left;\"><span data-ccp-props=\"{\">\u00a0<\/span><span data-contrast=\"auto\">The VIII Conference on Business Informatics is organized by:<\/span><span data-ccp-props=\"{\">\u00a0<\/span><\/p><ul style=\"text-align: left;\"><li><span data-ccp-props=\"{\">\u00a0<\/span><span data-contrast=\"auto\">The Department of Business Intelligence in Management;<\/span><span data-ccp-props=\"{\">\u00a0<\/span><\/li><li><span data-contrast=\"auto\">The Department of Information Systems;<\/span><span data-ccp-props=\"{\">\u00a0<\/span><\/li><li><span data-contrast=\"auto\">The Department of Information Technologies;<\/span><span data-ccp-props=\"{\">\u00a0<\/span><\/li><li><span data-contrast=\"auto\">The Department of Process Management;<\/span><span data-ccp-props=\"{\">\u00a0<\/span><\/li><\/ul><p style=\"text-align: left;\"><span data-contrast=\"auto\">and<\/span><span data-ccp-props=\"{\">\u00a0<\/span><\/p><ul><li style=\"text-align: left;\"><span data-ccp-props=\"{\">\u00a0<\/span><span data-contrast=\"auto\">The Department of Computer Science and International Accounting at the University of Economics in Katowice;<\/span><span data-ccp-props=\"{\">\u00a0<\/span><\/li><li style=\"text-align: left;\"><span data-contrast=\"auto\">The Department of Management Information Systems at the Faculty of Management of the University of Warsaw;<\/span><span data-ccp-props=\"{\">\u00a0<\/span><\/li><li style=\"text-align: left;\"><span data-contrast=\"auto\">The Department of Information Systems and Logistics at the Faculty of Economics of the Maria Curie-Sk\u0142odowska University in Lublin;<\/span><span data-ccp-props=\"{\">\u00a0<\/span><\/li><li style=\"text-align: left;\"><span data-contrast=\"auto\">The Department of Computer Science at the Faculty of Management of the University of Lodz;<\/span><span data-ccp-props=\"{\">\u00a0<\/span><\/li><li style=\"text-align: left;\"><span data-contrast=\"auto\">The Department of Computer Science in Management and the Department of Decision Support Methods and Cognitive Neuroscience at the University of Szczecin.<\/span><span data-ccp-props=\"{\">\u00a0<\/span><\/li><\/ul><p><strong>The 8th Conference of Business Informatics 2022 will be held on 1-2 December 2022 at the Wroclaw University of Economics and Business (WUEB), Poland.\u00a0<\/strong><\/p>\t\t\t\t\t\t<\/div>\n\t\t\t\t<\/div>\n\t\t\t\t\t<\/div>\n\t\t<\/div>\n\t\t\t\t\t\t\t<\/div>\n\t\t<\/section>\n\t\t\t\t\t\t<\/div>\n\t\t\t\t\t<\/div>\n\t\t","protected":false},"excerpt":{"rendered":"<p>About the Conference VIII Conference on Business Informatics 2022\u00a0 \u00a0Wroc\u0142aw, Poland 1-2 December 2022\u00a0 \u00a0The Scientific Conference on Business Informatics is an annual meeting of scientists from Poland and invited researchers from foreign centers specializing in ICT in management and business. The aim of the conference is to present the results of research on applications [&hellip;]<\/p>\n","protected":false},"author":3,"featured_media":0,"parent":0,"menu_order":0,"comment_status":"closed","ping_status":"closed","template":"","meta":{"footnotes":""},"class_list":["post-989","page","type-page","status-publish","hentry","entry"],"_links":{"self":[{"href":"https:\/\/iwz2022.ue.wroc.pl\/index.php?rest_route=\/wp\/v2\/pages\/989","targetHints":{"allow":["GET"]}}],"collection":[{"href":"https:\/\/iwz2022.ue.wroc.pl\/index.php?rest_route=\/wp\/v2\/pages"}],"about":[{"href":"https:\/\/iwz2022.ue.wroc.pl\/index.php?rest_route=\/wp\/v2\/types\/page"}],"author":[{"embeddable":true,"href":"https:\/\/iwz2022.ue.wroc.pl\/index.php?rest_route=\/wp\/v2\/users\/3"}],"replies":[{"embeddable":true,"href":"https:\/\/iwz2022.ue.wroc.pl\/index.php?rest_route=%2Fwp%2Fv2%2Fcomments&post=989"}],"version-history":[{"count":23,"href":"https:\/\/iwz2022.ue.wroc.pl\/index.php?rest_route=\/wp\/v2\/pages\/989\/revisions"}],"predecessor-version":[{"id":1332,"href":"https:\/\/iwz2022.ue.wroc.pl\/index.php?rest_route=\/wp\/v2\/pages\/989\/revisions\/1332"}],"wp:attachment":[{"href":"https:\/\/iwz2022.ue.wroc.pl\/index.php?rest_route=%2Fwp%2Fv2%2Fmedia&parent=989"}],"curies":[{"name":"wp","href":"https:\/\/api.w.org\/{rel}","templated":true}]}}