{"id":574,"date":"2022-04-12T19:57:12","date_gmt":"2022-04-12T17:57:12","guid":{"rendered":"https:\/\/iwz2022.ue.wroc.pl\/?page_id=574"},"modified":"2023-03-20T16:45:08","modified_gmt":"2023-03-20T15:45:08","slug":"do-pobrania","status":"publish","type":"page","link":"https:\/\/iwz2022.ue.wroc.pl\/?page_id=574","title":{"rendered":"Do pobrania"},"content":{"rendered":"\t\t<div data-elementor-type=\"wp-page\" data-elementor-id=\"574\" class=\"elementor elementor-574\" data-elementor-settings=\"[]\">\n\t\t\t\t\t\t\t<div class=\"elementor-section-wrap\">\n\t\t\t\t\t\t\t<section class=\"elementor-section elementor-top-section elementor-element elementor-element-1a9c2372 elementor-section-full_width elementor-section-height-min-height elementor-section-items-top elementor-section-height-default\" data-id=\"1a9c2372\" data-element_type=\"section\" data-settings=\"{&quot;background_background&quot;:&quot;gradient&quot;,&quot;shape_divider_top&quot;:&quot;book&quot;,&quot;shape_divider_top_negative&quot;:&quot;yes&quot;}\">\n\t\t\t\t\t<div class=\"elementor-shape elementor-shape-top\" data-negative=\"true\">\n\t\t\t<svg xmlns=\"http:\/\/www.w3.org\/2000\/svg\" viewBox=\"0 0 1000 100\" preserveAspectRatio=\"none\">\n\t<path class=\"elementor-shape-fill\" d=\"M806,94.7C619.5,90,500,20.3,500,1.7c-1,18.6-117.5,88.3-306,93C92,97.2,0,97.9,0,97.9v-0l0,0v2.3h1000v-2.3 C1000,97.7,920.3,97.6,806,94.7z M350,65.1L350,65.1L350,65.1L350,65.1z\"\/>\n<\/svg>\n\t\t<\/div>\n\t\t\t\t\t<div class=\"elementor-container elementor-column-gap-default\">\n\t\t\t\t\t<div class=\"elementor-column elementor-col-100 elementor-top-column elementor-element elementor-element-5a8c8542\" data-id=\"5a8c8542\" data-element_type=\"column\">\n\t\t\t<div class=\"elementor-widget-wrap elementor-element-populated\">\n\t\t\t\t\t\t\t\t<div class=\"elementor-element elementor-element-3ccc33ed elementor-invisible elementor-widget elementor-widget-text-editor\" data-id=\"3ccc33ed\" data-element_type=\"widget\" data-settings=\"{&quot;_animation&quot;:&quot;fadeIn&quot;}\" data-widget_type=\"text-editor.default\">\n\t\t\t\t<div class=\"elementor-widget-container\">\n\t\t\t<style>\/*! elementor - v3.5.6 - 28-02-2022 *\/\n.elementor-widget-text-editor.elementor-drop-cap-view-stacked .elementor-drop-cap{background-color:#818a91;color:#fff}.elementor-widget-text-editor.elementor-drop-cap-view-framed .elementor-drop-cap{color:#818a91;border:3px solid;background-color:transparent}.elementor-widget-text-editor:not(.elementor-drop-cap-view-default) .elementor-drop-cap{margin-top:8px}.elementor-widget-text-editor:not(.elementor-drop-cap-view-default) .elementor-drop-cap-letter{width:1em;height:1em}.elementor-widget-text-editor .elementor-drop-cap{float:left;text-align:center;line-height:1;font-size:50px}.elementor-widget-text-editor .elementor-drop-cap-letter{display:inline-block}<\/style>\t\t\t\t<h1>Do pobrania:<\/h1><div>1. <span style=\"color: #0000ff;\"><a style=\"color: #0000ff;\" href=\"https:\/\/iwz2022.ue.wroc.pl\/wp-content\/uploads\/2022\/11\/IwZ_2022-Szablon-do-monografii.docx\">IwZ 2022 &#8211; szablon do monografii dedykowanej konferencji pt. \u201eInformatyka w Zarz\u0105dzaniu\u201d wydanej w Wydawnictwie Uniwersytetu Ekonomicznego we Wroc\u0142awiu, 2023 (Lista MEiN: 20 pkt.)<\/a><\/span><\/div><div>2. <span style=\"color: #0000ff;\"><a style=\"color: #0000ff;\" href=\"https:\/\/www.springer.com\/gp\/computer-science\/lncs\/conference-proceedings-guidelines\">IwZ 2022 &#8211; szablon do monografii dedykowanej konferencji IwZ wydanej w wydawnictwie Springer, 2023 (Lista MEiN: 20 pkt.)<\/a><\/span><\/div><div>3. <span style=\"color: #0000ff;\"><a style=\"color: #0000ff;\" href=\"https:\/\/iwz2022.ue.wroc.pl\/wp-content\/uploads\/2022\/11\/Program_IwZ_2022.pdf\">Szczeg\u00f3\u0142owy program konferencji<\/a> IwZ&#8217;2022<br \/><\/span><\/div><div>4. <span style=\"color: #0000ff;\"><a style=\"color: #0000ff;\" href=\"https:\/\/iwz2022.ue.wroc.pl\/wp-content\/uploads\/2022\/11\/Program_Warsztaty.pdf\">Szczeg\u00f3\u0142owy program warsztat\u00f3w organizowanych w ramach konferencji IwZ&#8217;2022<\/a><\/span><\/div><div>5. <span style=\"color: #0000ff;\"><a style=\"color: #0000ff;\" href=\"https:\/\/iwz2022.ue.wroc.pl\/wp-content\/uploads\/2022\/12\/plakat_budzet_panstwa.jpg\">Plakat o dofinansowaniu konferencji z Doskona\u0142ej Nauki<\/a><\/span><\/div><div>6. <span style=\"color: #0000ff;\"><a style=\"color: #0000ff;\" href=\"https:\/\/iwz2022.ue.wroc.pl\/wp-content\/uploads\/2023\/03\/Ulotka-2022.pdf\">Ulotka konferencyjna\u00a0 IwZ&#8217;2022<\/a><\/span><\/div>\t\t\t\t\t\t<\/div>\n\t\t\t\t<\/div>\n\t\t\t\t\t<\/div>\n\t\t<\/div>\n\t\t\t\t\t\t\t<\/div>\n\t\t<\/section>\n\t\t\t\t\t\t<\/div>\n\t\t\t\t\t<\/div>\n\t\t","protected":false},"excerpt":{"rendered":"<p>Do pobrania: 1. IwZ 2022 &#8211; szablon do monografii dedykowanej konferencji pt. \u201eInformatyka w Zarz\u0105dzaniu\u201d wydanej w Wydawnictwie Uniwersytetu Ekonomicznego we Wroc\u0142awiu, 2023 (Lista MEiN: 20 pkt.)2. IwZ 2022 &#8211; szablon do monografii dedykowanej konferencji IwZ wydanej w wydawnictwie Springer, 2023 (Lista MEiN: 20 pkt.)3. Szczeg\u00f3\u0142owy program konferencji IwZ&#8217;20224. Szczeg\u00f3\u0142owy program warsztat\u00f3w organizowanych w ramach [&hellip;]<\/p>\n","protected":false},"author":3,"featured_media":0,"parent":0,"menu_order":0,"comment_status":"closed","ping_status":"closed","template":"","meta":{"footnotes":""},"class_list":["post-574","page","type-page","status-publish","hentry","entry"],"_links":{"self":[{"href":"https:\/\/iwz2022.ue.wroc.pl\/index.php?rest_route=\/wp\/v2\/pages\/574","targetHints":{"allow":["GET"]}}],"collection":[{"href":"https:\/\/iwz2022.ue.wroc.pl\/index.php?rest_route=\/wp\/v2\/pages"}],"about":[{"href":"https:\/\/iwz2022.ue.wroc.pl\/index.php?rest_route=\/wp\/v2\/types\/page"}],"author":[{"embeddable":true,"href":"https:\/\/iwz2022.ue.wroc.pl\/index.php?rest_route=\/wp\/v2\/users\/3"}],"replies":[{"embeddable":true,"href":"https:\/\/iwz2022.ue.wroc.pl\/index.php?rest_route=%2Fwp%2Fv2%2Fcomments&post=574"}],"version-history":[{"count":59,"href":"https:\/\/iwz2022.ue.wroc.pl\/index.php?rest_route=\/wp\/v2\/pages\/574\/revisions"}],"predecessor-version":[{"id":2087,"href":"https:\/\/iwz2022.ue.wroc.pl\/index.php?rest_route=\/wp\/v2\/pages\/574\/revisions\/2087"}],"wp:attachment":[{"href":"https:\/\/iwz2022.ue.wroc.pl\/index.php?rest_route=%2Fwp%2Fv2%2Fmedia&parent=574"}],"curies":[{"name":"wp","href":"https:\/\/api.w.org\/{rel}","templated":true}]}}