{"id":42,"date":"2022-03-17T09:35:20","date_gmt":"2022-03-17T08:35:20","guid":{"rendered":"https:\/\/iwz2022.ue.wroc.pl\/?page_id=42"},"modified":"2022-10-30T13:33:38","modified_gmt":"2022-10-30T12:33:38","slug":"dane-osobowe","status":"publish","type":"page","link":"https:\/\/iwz2022.ue.wroc.pl\/?page_id=42","title":{"rendered":"Dane osobowe"},"content":{"rendered":"\t\t<div data-elementor-type=\"wp-page\" data-elementor-id=\"42\" class=\"elementor elementor-42\" data-elementor-settings=\"[]\">\n\t\t\t\t\t\t\t<div class=\"elementor-section-wrap\">\n\t\t\t\t\t\t\t<section class=\"elementor-section elementor-top-section elementor-element elementor-element-6c9cfe3b elementor-section-full_width elementor-section-height-min-height elementor-section-height-default elementor-section-items-middle\" data-id=\"6c9cfe3b\" data-element_type=\"section\" data-settings=\"{&quot;background_background&quot;:&quot;gradient&quot;,&quot;shape_divider_top&quot;:&quot;book&quot;,&quot;shape_divider_top_negative&quot;:&quot;yes&quot;}\">\n\t\t\t\t\t<div class=\"elementor-shape elementor-shape-top\" data-negative=\"true\">\n\t\t\t<svg xmlns=\"http:\/\/www.w3.org\/2000\/svg\" viewBox=\"0 0 1000 100\" preserveAspectRatio=\"none\">\n\t<path class=\"elementor-shape-fill\" d=\"M806,94.7C619.5,90,500,20.3,500,1.7c-1,18.6-117.5,88.3-306,93C92,97.2,0,97.9,0,97.9v-0l0,0v2.3h1000v-2.3 C1000,97.7,920.3,97.6,806,94.7z M350,65.1L350,65.1L350,65.1L350,65.1z\"\/>\n<\/svg>\n\t\t<\/div>\n\t\t\t\t\t<div class=\"elementor-container elementor-column-gap-default\">\n\t\t\t\t\t<div class=\"elementor-column elementor-col-100 elementor-top-column elementor-element elementor-element-58056ec0\" data-id=\"58056ec0\" data-element_type=\"column\">\n\t\t\t<div class=\"elementor-widget-wrap elementor-element-populated\">\n\t\t\t\t\t\t\t\t<div class=\"elementor-element elementor-element-374ab476 elementor-invisible elementor-widget elementor-widget-text-editor\" data-id=\"374ab476\" data-element_type=\"widget\" data-settings=\"{&quot;_animation&quot;:&quot;fadeIn&quot;}\" data-widget_type=\"text-editor.default\">\n\t\t\t\t<div class=\"elementor-widget-container\">\n\t\t\t<style>\/*! elementor - v3.5.6 - 28-02-2022 *\/\n.elementor-widget-text-editor.elementor-drop-cap-view-stacked .elementor-drop-cap{background-color:#818a91;color:#fff}.elementor-widget-text-editor.elementor-drop-cap-view-framed .elementor-drop-cap{color:#818a91;border:3px solid;background-color:transparent}.elementor-widget-text-editor:not(.elementor-drop-cap-view-default) .elementor-drop-cap{margin-top:8px}.elementor-widget-text-editor:not(.elementor-drop-cap-view-default) .elementor-drop-cap-letter{width:1em;height:1em}.elementor-widget-text-editor .elementor-drop-cap{float:left;text-align:center;line-height:1;font-size:50px}.elementor-widget-text-editor .elementor-drop-cap-letter{display:inline-block}<\/style>\t\t\t\t<h1 style=\"text-align: left;\">Dane osobowe<\/h1><p style=\"text-align: left;\"><strong>Informacja o przetwarzaniu danych osobowych Uczestnik\u00f3w warsztat\u00f3w i VIII Konferencji Naukowej<\/strong> <strong>\u201eInformatyka w Zarz\u0105dzaniu\u201d: 30 listopada &#8211; 2 grudnia 2022 (IwZ\u20192022)<\/strong><\/p><ol><li>Administratorem danych osobowych jest Uniwersytet Ekonomiczny we Wroc\u0142awiu, ul. Komandorska 118\/120, 53-345 Wroc\u0142aw, NIP: 896-000-69-97, tel. +48 71 36 80 100, fax +48 71 36 72 778, e-mail: kontakt@ue.wroc.pl.<\/li><li>Dane kontaktowe Inspektora ochrony danych s\u0105 nast\u0119puj\u0105ce: e-mail: iod@ue.wroc.pl<\/li><li>Dane osobowe przetwarzane s\u0105 na podstawie Rozporz\u0105dzenia Parlamentu Europejskiego i Rady (UE) 2016\/679 z dnia 27 kwietnia 2016 r. w sprawie ochrony os\u00f3b fizycznych w zwi\u0105zku z przetwarzaniem danych osobowych i w sprawie swobodnego przep\u0142ywu takich danych oraz uchylenia dyrektywy 95\/46\/WE, w tym na podstawie artyku\u0142u 6 ust. 1 pkt \u201eb\u201d, \u201ec\u201d.<\/li><li>Przetwarzanie danych osobowych przez Administratora danych jest niezb\u0119dne do udzia\u0142u w konferencji, komunikacji zwi\u0105zanej z udzia\u0142em w konferencji, realizacji konferencji, przygotowania publikacji pokonferencyjnej, przygotowania um\u00f3w wydawniczych, wystawienia faktur i wykonania umowy z Administratorem danych, zamieszczenia materia\u0142\u00f3w zwi\u0105zanych z konferencj\u0105 w bazach Administratora danych, ubezpieczenia, je\u015bli z konferencj\u0105 s\u0105 zwi\u0105zane wyjazdy studyjne, wykorzystania mojego wizerunku na zdj\u0119ciach robionych na konferencji do przygotowania relacji z konferencji na stron\u0119 internetow\u0105 konferencji i do Portalu Administratora danych, zamieszczenia streszcze\u0144 i artyku\u0142\u00f3w zwi\u0105zanych z konferencj\u0105 na stronie internetowej konferencji lub Wydawnictwa Administratora danych, a tak\u017ce do wype\u0142nienia obowi\u0105zk\u00f3w prawnych ci\u0105\u017c\u0105cych na Administratorze danych.<\/li><li>Odbiorc\u0105 moich danych osobowych b\u0119d\u0105: osoby upowa\u017cnione przez Administratora danych osobowych do przetwarzania danych osobowych, w szczeg\u00f3lno\u015bci Komitet organizacyjny konferencji, Sekretariat, Kwestura, Wydawnictwo, Biblioteka, Dziekani, Prodziekani, osoby zarz\u0105dzaj\u0105ce bazami danych oraz podmioty przetwarzaj\u0105cy dane osobowe w imieniu Administratora danych na podstawie um\u00f3w zawartych z Administratorem danych, w szczeg\u00f3lno\u015bci wsp\u00f3\u0142organizatorzy konferencji.<\/li><li>Dane osobowe b\u0119d\u0105 przechowywane do up\u0142ywu okresu przechowywania dokumentacji zwi\u0105zanej z faktur\u0105, wynikaj\u0105cego z powszechnie obowi\u0105zuj\u0105cych przepis\u00f3w prawa, up\u0142ywu okresu przedawnienia ewentualnych roszcze\u0144. Po up\u0142ywie tych okres\u00f3w dane osobowe b\u0119d\u0105 przechowywane do cel\u00f3w archiwalnych w interesie publicznym.<\/li><li>Przys\u0142uguje mi wobec Administratora danych osobowych, na zasadach okre\u015blonych w Rozporz\u0105dzeniu Parlamentu Europejskiego i Rady (UE) 2016\/679, prawo dost\u0119pu do moich danych osobowych, \u017c\u0105dania ich sprostowania, uzupe\u0142nienia, usuni\u0119cia lub ograniczenia przetwarzania danych osobowych, prawo do wniesienia sprzeciwu wobec przetwarzania, prawo do przenoszenia danych, prawo do wniesienia skargi do organu nadzoruj\u0105cego przetwarzanie danych osobowych zgodnie z przepisami o ochronie danych osobowych.<\/li><li>Dane osobowe nie b\u0119d\u0105 przekazane do Pa\u0144stwa trzeciego w rozumieniu Rozporz\u0105dzenia Parlamentu Europejskiego i Rady (UE) 2016\/679.<\/li><li>Nie b\u0119dzie stosowane podejmowanie decyzji oparte wy\u0142\u0105cznie na zautomatyzowanym przetwarzaniu, w tym profilowaniu.<\/li><li>Podanie przeze mnie danych osobowych oraz ich przetwarzanie w celach, o kt\u00f3rych mowa w punkcie 4, jest warunkiem zawarcia umowy i warunkiem umownym. Jestem zobowi\u0105zana\/y do ich podania, a konsekwencj\u0105 nie podania danych osobowych jest w szczeg\u00f3lno\u015bci brak mo\u017cliwo\u015bci udzia\u0142u w konferencji, brak mo\u017cliwo\u015bci opublikowania artyku\u0142u naukowego, brak mo\u017cliwo\u015bci udzia\u0142u w wizycie studyjnej podczas konferencji, brak mo\u017cliwo\u015bci zamieszczenia publikacji w bazie.<\/li><\/ol>\t\t\t\t\t\t<\/div>\n\t\t\t\t<\/div>\n\t\t\t\t\t<\/div>\n\t\t<\/div>\n\t\t\t\t\t\t\t<\/div>\n\t\t<\/section>\n\t\t\t\t\t\t<\/div>\n\t\t\t\t\t<\/div>\n\t\t","protected":false},"excerpt":{"rendered":"<p>Dane osobowe Informacja o przetwarzaniu danych osobowych Uczestnik\u00f3w warsztat\u00f3w i VIII Konferencji Naukowej \u201eInformatyka w Zarz\u0105dzaniu\u201d: 30 listopada &#8211; 2 grudnia 2022 (IwZ\u20192022) Administratorem danych osobowych jest Uniwersytet Ekonomiczny we Wroc\u0142awiu, ul. Komandorska 118\/120, 53-345 Wroc\u0142aw, NIP: 896-000-69-97, tel. +48 71 36 80 100, fax +48 71 36 72 778, e-mail: kontakt@ue.wroc.pl. Dane kontaktowe Inspektora [&hellip;]<\/p>\n","protected":false},"author":3,"featured_media":0,"parent":0,"menu_order":0,"comment_status":"closed","ping_status":"closed","template":"","meta":{"footnotes":""},"class_list":["post-42","page","type-page","status-publish","hentry","entry"],"_links":{"self":[{"href":"https:\/\/iwz2022.ue.wroc.pl\/index.php?rest_route=\/wp\/v2\/pages\/42","targetHints":{"allow":["GET"]}}],"collection":[{"href":"https:\/\/iwz2022.ue.wroc.pl\/index.php?rest_route=\/wp\/v2\/pages"}],"about":[{"href":"https:\/\/iwz2022.ue.wroc.pl\/index.php?rest_route=\/wp\/v2\/types\/page"}],"author":[{"embeddable":true,"href":"https:\/\/iwz2022.ue.wroc.pl\/index.php?rest_route=\/wp\/v2\/users\/3"}],"replies":[{"embeddable":true,"href":"https:\/\/iwz2022.ue.wroc.pl\/index.php?rest_route=%2Fwp%2Fv2%2Fcomments&post=42"}],"version-history":[{"count":24,"href":"https:\/\/iwz2022.ue.wroc.pl\/index.php?rest_route=\/wp\/v2\/pages\/42\/revisions"}],"predecessor-version":[{"id":1273,"href":"https:\/\/iwz2022.ue.wroc.pl\/index.php?rest_route=\/wp\/v2\/pages\/42\/revisions\/1273"}],"wp:attachment":[{"href":"https:\/\/iwz2022.ue.wroc.pl\/index.php?rest_route=%2Fwp%2Fv2%2Fmedia&parent=42"}],"curies":[{"name":"wp","href":"https:\/\/api.w.org\/{rel}","templated":true}]}}