{"id":30,"date":"2022-03-17T09:30:04","date_gmt":"2022-03-17T08:30:04","guid":{"rendered":"https:\/\/iwz2022.ue.wroc.pl\/?page_id=30"},"modified":"2022-11-08T09:23:42","modified_gmt":"2022-11-08T08:23:42","slug":"kalendarium-i-oplaty","status":"publish","type":"page","link":"https:\/\/iwz2022.ue.wroc.pl\/?page_id=30","title":{"rendered":"Kalendarium i op\u0142aty"},"content":{"rendered":"\t\t<div data-elementor-type=\"wp-page\" data-elementor-id=\"30\" class=\"elementor elementor-30\" data-elementor-settings=\"[]\">\n\t\t\t\t\t\t\t<div class=\"elementor-section-wrap\">\n\t\t\t\t\t\t\t<section class=\"elementor-section elementor-top-section elementor-element elementor-element-1708ff55 elementor-section-full_width elementor-section-height-min-height elementor-section-height-default elementor-section-items-middle\" data-id=\"1708ff55\" data-element_type=\"section\" data-settings=\"{&quot;background_background&quot;:&quot;gradient&quot;,&quot;shape_divider_top&quot;:&quot;book&quot;,&quot;shape_divider_top_negative&quot;:&quot;yes&quot;}\">\n\t\t\t\t\t<div class=\"elementor-shape elementor-shape-top\" data-negative=\"true\">\n\t\t\t<svg xmlns=\"http:\/\/www.w3.org\/2000\/svg\" viewBox=\"0 0 1000 100\" preserveAspectRatio=\"none\">\n\t<path class=\"elementor-shape-fill\" d=\"M806,94.7C619.5,90,500,20.3,500,1.7c-1,18.6-117.5,88.3-306,93C92,97.2,0,97.9,0,97.9v-0l0,0v2.3h1000v-2.3 C1000,97.7,920.3,97.6,806,94.7z M350,65.1L350,65.1L350,65.1L350,65.1z\"\/>\n<\/svg>\n\t\t<\/div>\n\t\t\t\t\t<div class=\"elementor-container elementor-column-gap-default\">\n\t\t\t\t\t<div class=\"elementor-column elementor-col-100 elementor-top-column elementor-element elementor-element-4fe40229\" data-id=\"4fe40229\" data-element_type=\"column\">\n\t\t\t<div class=\"elementor-widget-wrap elementor-element-populated\">\n\t\t\t\t\t\t\t\t<div class=\"elementor-element elementor-element-462f8bbc elementor-invisible elementor-widget elementor-widget-text-editor\" data-id=\"462f8bbc\" data-element_type=\"widget\" data-settings=\"{&quot;_animation&quot;:&quot;fadeIn&quot;}\" data-widget_type=\"text-editor.default\">\n\t\t\t\t<div class=\"elementor-widget-container\">\n\t\t\t<style>\/*! elementor - v3.5.6 - 28-02-2022 *\/\n.elementor-widget-text-editor.elementor-drop-cap-view-stacked .elementor-drop-cap{background-color:#818a91;color:#fff}.elementor-widget-text-editor.elementor-drop-cap-view-framed .elementor-drop-cap{color:#818a91;border:3px solid;background-color:transparent}.elementor-widget-text-editor:not(.elementor-drop-cap-view-default) .elementor-drop-cap{margin-top:8px}.elementor-widget-text-editor:not(.elementor-drop-cap-view-default) .elementor-drop-cap-letter{width:1em;height:1em}.elementor-widget-text-editor .elementor-drop-cap{float:left;text-align:center;line-height:1;font-size:50px}.elementor-widget-text-editor .elementor-drop-cap-letter{display:inline-block}<\/style>\t\t\t\t<h1>Kalendarium i op\u0142aty<\/h1><h2>\u00a0Kalendarium<\/h2><ul><li>2022\/06\/30 <a href=\"https:\/\/iwz2022.ue.wroc.pl\/wp-content\/uploads\/2022\/05\/Flyer-ICT4SUS-at-1.pdf\"><em>Przes\u0142anie<\/em> tytu\u0142u i abstraktu publikacji w monografiach wydawnictwa CRC Press Taylor &amp; Francise Group,<\/a><\/li><li>2022\/09\/15 Uruchomienie formularza rejestracyjnego konferencji,<\/li><li>2022\/09\/30 Podanie informacji o przyj\u0119tym wariancie konferencji oraz o op\u0142atach,<\/li><li>2022\/11\/18 Zamkni\u0119cie formularza rejestracyjnego konferencji,<\/li><li>2022\/11\/18 Uiszczenie op\u0142aty konferencyjnej,<\/li><li>2022\/11\/25 Udost\u0119pnienie szczeg\u00f3\u0142owego programu konferencji,<\/li><li><strong>2022\/11\/30 Warsztaty naukowe: &#8222;Innowacyjne technologie ICT we wspomaganiu zarz\u0105dzania, ekonomii i finans\u00f3w&#8221;,<\/strong><\/li><li><strong>2022\/12\/01-02 Konferencja IwZ\u201922 we Wroc\u0142awiu,<\/strong><\/li><li>2022\/12\/15 Nades\u0142anie artyku\u0142u do monografii pt. &#8222;Informatyka w Zarz\u0105dzaniu&#8221;.<\/li><\/ul><h2>Op\u0142aty<\/h2><p><span style=\"color: #000000;\">Wysoko\u015b\u0107 op\u0142aty:<\/span><\/p><div><ul><li><span style=\"color: #000000;\">udzia\u0142 stacjonarny i zdalny w warsztatach jest bezp\u0142atny,<\/span><\/li><li><span class=\"x_ContentPasted0 x_ContentPasted1 x_ContentPasted2\" style=\"color: #000000;\">udzia\u0142 stacjonarny w konferencji IwZ&#8217;2022: op\u0142ata 400 z\u0142 (nie obejmuje nocleg\u00f3w),<\/span><\/li><li class=\"x_ContentPasted3\"><span style=\"color: #000000;\">udzia\u0142 zdalny w konferencji IwZ&#8217;2022: 300 z\u0142,<\/span><\/li><li>udzia\u0142 osoby towarzysz\u0105cej w kolacji w dniu 01.12.2022r.: 300 z\u0142.<\/li><\/ul><\/div><p>Op\u0142ata konferencyjna obejmuje uczestnictwo w obradach, publikacj\u0119 artyku\u0142u zg\u0142oszonego do \u00a0monografii pt. Informatyka w Zarz\u0105dzaniu\u201d.<\/p><p>W przypadku udzia\u0142u stacjonarnego w konferencji op\u0142ata obejmuje: obiady i pocz\u0119stunki w przerwach mi\u0119dzy sesjami oraz uroczyst\u0105 kolacj\u0119.<\/p><p>W sytuacji odrzucenia artyku\u0142u zg\u0142oszonego do monografii op\u0142ata konferencyjna (lub jej cz\u0119\u015b\u0107) nie podlega zwrotowi.<\/p><p>Op\u0142ata konferencyjna nie obejmuje\u202fkosztu noclegu.<\/p><p><strong>Op\u0142at\u0119 konferencyjn\u0105 nale\u017cy wnie\u015b\u0107\u202fna konto bankowe:<\/strong><\/p><p>87 1240 3464 1111 0010 4316 2601 \u2013 w przypadku wp\u0142at w PLN,<\/p><p>21 1240 3464 1978 0010 7730 2754 \u2013 w przypadku wp\u0142at w euro<\/p><p>tytu\u0142 przelewu: Konferencja IwZ 2022 &#8211; nazwisko i imi\u0119 uczestnika<\/p><p>Op\u0142at\u0119 za osob\u0119 towarzysz\u0105c\u0105 nale\u017cy wp\u0142aci\u0107 na konto konferencji oraz wys\u0142a\u0107 mail z informacj\u0105 na adres: <span style=\"color: #0000ff;\">anna.chojnacka-komorowska@ue.wroc.pl<\/span><\/p>\t\t\t\t\t\t<\/div>\n\t\t\t\t<\/div>\n\t\t\t\t\t<\/div>\n\t\t<\/div>\n\t\t\t\t\t\t\t<\/div>\n\t\t<\/section>\n\t\t\t\t\t\t<\/div>\n\t\t\t\t\t<\/div>\n\t\t","protected":false},"excerpt":{"rendered":"<p>Kalendarium i op\u0142aty \u00a0Kalendarium 2022\/06\/30 Przes\u0142anie tytu\u0142u i abstraktu publikacji w monografiach wydawnictwa CRC Press Taylor &amp; Francise Group, 2022\/09\/15 Uruchomienie formularza rejestracyjnego konferencji, 2022\/09\/30 Podanie informacji o przyj\u0119tym wariancie konferencji oraz o op\u0142atach, 2022\/11\/18 Zamkni\u0119cie formularza rejestracyjnego konferencji, 2022\/11\/18 Uiszczenie op\u0142aty konferencyjnej, 2022\/11\/25 Udost\u0119pnienie szczeg\u00f3\u0142owego programu konferencji, 2022\/11\/30 Warsztaty naukowe: &#8222;Innowacyjne technologie ICT we [&hellip;]<\/p>\n","protected":false},"author":3,"featured_media":0,"parent":0,"menu_order":0,"comment_status":"closed","ping_status":"closed","template":"","meta":{"footnotes":""},"class_list":["post-30","page","type-page","status-publish","hentry","entry"],"_links":{"self":[{"href":"https:\/\/iwz2022.ue.wroc.pl\/index.php?rest_route=\/wp\/v2\/pages\/30","targetHints":{"allow":["GET"]}}],"collection":[{"href":"https:\/\/iwz2022.ue.wroc.pl\/index.php?rest_route=\/wp\/v2\/pages"}],"about":[{"href":"https:\/\/iwz2022.ue.wroc.pl\/index.php?rest_route=\/wp\/v2\/types\/page"}],"author":[{"embeddable":true,"href":"https:\/\/iwz2022.ue.wroc.pl\/index.php?rest_route=\/wp\/v2\/users\/3"}],"replies":[{"embeddable":true,"href":"https:\/\/iwz2022.ue.wroc.pl\/index.php?rest_route=%2Fwp%2Fv2%2Fcomments&post=30"}],"version-history":[{"count":131,"href":"https:\/\/iwz2022.ue.wroc.pl\/index.php?rest_route=\/wp\/v2\/pages\/30\/revisions"}],"predecessor-version":[{"id":1392,"href":"https:\/\/iwz2022.ue.wroc.pl\/index.php?rest_route=\/wp\/v2\/pages\/30\/revisions\/1392"}],"wp:attachment":[{"href":"https:\/\/iwz2022.ue.wroc.pl\/index.php?rest_route=%2Fwp%2Fv2%2Fmedia&parent=30"}],"curies":[{"name":"wp","href":"https:\/\/api.w.org\/{rel}","templated":true}]}}