{"id":26,"date":"2022-03-17T09:28:20","date_gmt":"2022-03-17T08:28:20","guid":{"rendered":"https:\/\/iwz2022.ue.wroc.pl\/?page_id=26"},"modified":"2022-12-06T19:54:15","modified_gmt":"2022-12-06T18:54:15","slug":"komitet-organizacyjny","status":"publish","type":"page","link":"https:\/\/iwz2022.ue.wroc.pl\/?page_id=26","title":{"rendered":"Komitet Organizacyjny"},"content":{"rendered":"\t\t<div data-elementor-type=\"wp-page\" data-elementor-id=\"26\" class=\"elementor elementor-26\" data-elementor-settings=\"[]\">\n\t\t\t\t\t\t\t<div class=\"elementor-section-wrap\">\n\t\t\t\t\t\t\t<section class=\"elementor-section elementor-top-section elementor-element elementor-element-31f3de2 elementor-section-full_width elementor-section-height-min-height elementor-section-height-default elementor-section-items-middle\" data-id=\"31f3de2\" data-element_type=\"section\" data-settings=\"{&quot;background_background&quot;:&quot;gradient&quot;,&quot;shape_divider_top&quot;:&quot;book&quot;,&quot;shape_divider_top_negative&quot;:&quot;yes&quot;}\">\n\t\t\t\t\t<div class=\"elementor-shape elementor-shape-top\" data-negative=\"true\">\n\t\t\t<svg xmlns=\"http:\/\/www.w3.org\/2000\/svg\" viewBox=\"0 0 1000 100\" preserveAspectRatio=\"none\">\n\t<path class=\"elementor-shape-fill\" d=\"M806,94.7C619.5,90,500,20.3,500,1.7c-1,18.6-117.5,88.3-306,93C92,97.2,0,97.9,0,97.9v-0l0,0v2.3h1000v-2.3 C1000,97.7,920.3,97.6,806,94.7z M350,65.1L350,65.1L350,65.1L350,65.1z\"\/>\n<\/svg>\n\t\t<\/div>\n\t\t\t\t\t<div class=\"elementor-container elementor-column-gap-default\">\n\t\t\t\t\t<div class=\"elementor-column elementor-col-100 elementor-top-column elementor-element elementor-element-131141ec\" data-id=\"131141ec\" data-element_type=\"column\">\n\t\t\t<div class=\"elementor-widget-wrap elementor-element-populated\">\n\t\t\t\t\t\t\t\t<div class=\"elementor-element elementor-element-35b0243 elementor-invisible elementor-widget elementor-widget-text-editor\" data-id=\"35b0243\" data-element_type=\"widget\" data-settings=\"{&quot;_animation&quot;:&quot;fadeIn&quot;}\" data-widget_type=\"text-editor.default\">\n\t\t\t\t<div class=\"elementor-widget-container\">\n\t\t\t<style>\/*! elementor - v3.5.6 - 28-02-2022 *\/\n.elementor-widget-text-editor.elementor-drop-cap-view-stacked .elementor-drop-cap{background-color:#818a91;color:#fff}.elementor-widget-text-editor.elementor-drop-cap-view-framed .elementor-drop-cap{color:#818a91;border:3px solid;background-color:transparent}.elementor-widget-text-editor:not(.elementor-drop-cap-view-default) .elementor-drop-cap{margin-top:8px}.elementor-widget-text-editor:not(.elementor-drop-cap-view-default) .elementor-drop-cap-letter{width:1em;height:1em}.elementor-widget-text-editor .elementor-drop-cap{float:left;text-align:center;line-height:1;font-size:50px}.elementor-widget-text-editor .elementor-drop-cap-letter{display:inline-block}<\/style>\t\t\t\t<h1 style=\"text-align: left;\">Komitet Organizacyjny<\/h1><h2 style=\"text-align: left;\">Przewodnicz\u0105ca:<\/h2><ul><li style=\"text-align: left;\">dr Anna Chojnacka-Komorowska, Uniwersytet Ekonomiczny we Wroc\u0142awiu<\/li><\/ul><h2 style=\"text-align: left;\">Cz\u0142onkowie:<\/h2><ul><li style=\"text-align: left;\">dr Joanna Bryndza, Uniwersytet Ekonomiczny we Wroc\u0142awiu<\/li><li style=\"text-align: left;\">dr Beata Butryn, Uniwersytet Ekonomiczny we Wroc\u0142awiu<\/li><li style=\"text-align: left;\">dr Wies\u0142awa Gryncewicz, Uniwersytet Ekonomiczny we Wroc\u0142awiu<\/li><li style=\"text-align: left;\">dr Krzysztof Hauke, Uniwersytet Ekonomiczny we Wroc\u0142awiu<\/li><li style=\"text-align: left;\">dr in\u017c. Zdzis\u0142aw Kes, Uniwersytet Ekonomiczny we Wroc\u0142awiu<\/li><li style=\"text-align: left;\">dr Karol \u0141opaci\u0144ski, Uniwersytet Ekonomiczny we Wroc\u0142awiu<\/li><li style=\"text-align: left;\">dr \u0141ukasz \u0141ysik, Uniwersytet Ekonomiczny we Wroc\u0142awiu<\/li><li style=\"text-align: left;\">dr in\u017c. Kamal Matouk, Uniwersytet Ekonomiczny we Wroc\u0142awiu<\/li><li style=\"text-align: left;\">dr Rados\u0142aw W\u00f3jtowicz, Uniwersytet Ekonomiczny we Wroc\u0142awiu<\/li><\/ul>\t\t\t\t\t\t<\/div>\n\t\t\t\t<\/div>\n\t\t\t\t\t<\/div>\n\t\t<\/div>\n\t\t\t\t\t\t\t<\/div>\n\t\t<\/section>\n\t\t\t\t\t\t<\/div>\n\t\t\t\t\t<\/div>\n\t\t","protected":false},"excerpt":{"rendered":"<p>Komitet Organizacyjny Przewodnicz\u0105ca: dr Anna Chojnacka-Komorowska, Uniwersytet Ekonomiczny we Wroc\u0142awiu Cz\u0142onkowie: dr Joanna Bryndza, Uniwersytet Ekonomiczny we Wroc\u0142awiu dr Beata Butryn, Uniwersytet Ekonomiczny we Wroc\u0142awiu dr Wies\u0142awa Gryncewicz, Uniwersytet Ekonomiczny we Wroc\u0142awiu dr Krzysztof Hauke, Uniwersytet Ekonomiczny we Wroc\u0142awiu dr in\u017c. Zdzis\u0142aw Kes, Uniwersytet Ekonomiczny we Wroc\u0142awiu dr Karol \u0141opaci\u0144ski, Uniwersytet Ekonomiczny we Wroc\u0142awiu dr [&hellip;]<\/p>\n","protected":false},"author":3,"featured_media":0,"parent":0,"menu_order":0,"comment_status":"closed","ping_status":"closed","template":"","meta":{"footnotes":""},"class_list":["post-26","page","type-page","status-publish","hentry","entry"],"_links":{"self":[{"href":"https:\/\/iwz2022.ue.wroc.pl\/index.php?rest_route=\/wp\/v2\/pages\/26","targetHints":{"allow":["GET"]}}],"collection":[{"href":"https:\/\/iwz2022.ue.wroc.pl\/index.php?rest_route=\/wp\/v2\/pages"}],"about":[{"href":"https:\/\/iwz2022.ue.wroc.pl\/index.php?rest_route=\/wp\/v2\/types\/page"}],"author":[{"embeddable":true,"href":"https:\/\/iwz2022.ue.wroc.pl\/index.php?rest_route=\/wp\/v2\/users\/3"}],"replies":[{"embeddable":true,"href":"https:\/\/iwz2022.ue.wroc.pl\/index.php?rest_route=%2Fwp%2Fv2%2Fcomments&post=26"}],"version-history":[{"count":26,"href":"https:\/\/iwz2022.ue.wroc.pl\/index.php?rest_route=\/wp\/v2\/pages\/26\/revisions"}],"predecessor-version":[{"id":1995,"href":"https:\/\/iwz2022.ue.wroc.pl\/index.php?rest_route=\/wp\/v2\/pages\/26\/revisions\/1995"}],"wp:attachment":[{"href":"https:\/\/iwz2022.ue.wroc.pl\/index.php?rest_route=%2Fwp%2Fv2%2Fmedia&parent=26"}],"curies":[{"name":"wp","href":"https:\/\/api.w.org\/{rel}","templated":true}]}}