{"id":24,"date":"2022-03-17T09:27:22","date_gmt":"2022-03-17T08:27:22","guid":{"rendered":"https:\/\/iwz2022.ue.wroc.pl\/?page_id=24"},"modified":"2022-10-07T10:06:24","modified_gmt":"2022-10-07T08:06:24","slug":"komitet-naukowy","status":"publish","type":"page","link":"https:\/\/iwz2022.ue.wroc.pl\/?page_id=24","title":{"rendered":"Komitet Naukowy"},"content":{"rendered":"\t\t<div data-elementor-type=\"wp-page\" data-elementor-id=\"24\" class=\"elementor elementor-24\" data-elementor-settings=\"[]\">\n\t\t\t\t\t\t\t<div class=\"elementor-section-wrap\">\n\t\t\t\t\t\t\t<section class=\"elementor-section elementor-top-section elementor-element elementor-element-1afc189 elementor-section-full_width elementor-section-height-min-height elementor-section-content-top elementor-section-height-default elementor-section-items-middle\" data-id=\"1afc189\" data-element_type=\"section\" data-settings=\"{&quot;background_background&quot;:&quot;gradient&quot;,&quot;shape_divider_top&quot;:&quot;book&quot;,&quot;shape_divider_top_negative&quot;:&quot;yes&quot;}\">\n\t\t\t\t\t<div class=\"elementor-shape elementor-shape-top\" data-negative=\"true\">\n\t\t\t<svg xmlns=\"http:\/\/www.w3.org\/2000\/svg\" viewBox=\"0 0 1000 100\" preserveAspectRatio=\"none\">\n\t<path class=\"elementor-shape-fill\" d=\"M806,94.7C619.5,90,500,20.3,500,1.7c-1,18.6-117.5,88.3-306,93C92,97.2,0,97.9,0,97.9v-0l0,0v2.3h1000v-2.3 C1000,97.7,920.3,97.6,806,94.7z M350,65.1L350,65.1L350,65.1L350,65.1z\"\/>\n<\/svg>\n\t\t<\/div>\n\t\t\t\t\t<div class=\"elementor-container elementor-column-gap-default\">\n\t\t\t\t\t<div class=\"elementor-column elementor-col-100 elementor-top-column elementor-element elementor-element-64a060a7\" data-id=\"64a060a7\" data-element_type=\"column\">\n\t\t\t<div class=\"elementor-widget-wrap elementor-element-populated\">\n\t\t\t\t\t\t\t\t<div class=\"elementor-element elementor-element-4584e1a5 elementor-invisible elementor-widget elementor-widget-text-editor\" data-id=\"4584e1a5\" data-element_type=\"widget\" data-settings=\"{&quot;_animation&quot;:&quot;fadeIn&quot;}\" data-widget_type=\"text-editor.default\">\n\t\t\t\t<div class=\"elementor-widget-container\">\n\t\t\t<style>\/*! elementor - v3.5.6 - 28-02-2022 *\/\n.elementor-widget-text-editor.elementor-drop-cap-view-stacked .elementor-drop-cap{background-color:#818a91;color:#fff}.elementor-widget-text-editor.elementor-drop-cap-view-framed .elementor-drop-cap{color:#818a91;border:3px solid;background-color:transparent}.elementor-widget-text-editor:not(.elementor-drop-cap-view-default) .elementor-drop-cap{margin-top:8px}.elementor-widget-text-editor:not(.elementor-drop-cap-view-default) .elementor-drop-cap-letter{width:1em;height:1em}.elementor-widget-text-editor .elementor-drop-cap{float:left;text-align:center;line-height:1;font-size:50px}.elementor-widget-text-editor .elementor-drop-cap-letter{display:inline-block}<\/style>\t\t\t\t<h1>Komitet Naukowy<\/h1><h2>Kolegium:<\/h2><ul><li>dr hab. Helena Dudycz, prof. UEW, Uniwersytet Ekonomiczny we Wroc\u0142awiu, przewodnicz\u0105ca<\/li><li>prof. dr hab. Witold Chmielarz, Uniwersytet Warszawski \u2013 wiceprzewodnicz\u0105cy<\/li><li>prof. dr hab. Jerzy Kisielnicki, Uniwersytet Warszawski \u2013 wiceprzewodnicz\u0105cy<\/li><li>prof. dr hab. in\u017c. Kesra Nermend, Uniwersytet Szczeci\u0144ski \u2013 wiceprzewodnicz\u0105cy<\/li><li>prof. dr hab. Zdzis\u0142aw Szyjewski, Uniwersytet Szczeci\u0144ski \u2013 wiceprzewodnicz\u0105cy<\/li><li>prof. dr. hab. Ewa Ziemba, Uniwersytet Ekonomiczny w Katowicach \u2013 wiceprzewodnicz\u0105ca<\/li><li>dr hab. Anna Kaczorowska, prof. U\u0141, Uniwersytet \u0141\u00f3dzki \u2013 wiceprzewodnicz\u0105ca<\/li><li>dr hab. Ma\u0142gorzata \u0141atuszy\u0144ska, prof. US, Uniwersytet Szczeci\u0144ski \u2013 wiceprzewodnicz\u0105ca<\/li><li>dr hab. Zbigniew Pastuszak, prof. UMCS, Uniwersytet Marii Curie-Sk\u0142odowskiej w Lublinie \u2013 wiceprzewodnicz\u0105cy<\/li><\/ul><h2>Cz\u0142onkowie:<\/h2><ul><li>prof. dr hab. Witold Abramowicz, Uniwersytet Ekonomiczny w Poznaniu<\/li><li>prof. dr hab. Agnieszka Baruk, Politechnika \u0141\u00f3dzka<\/li><li><span class=\"TextRun Highlight SCXW266640397 BCX9\" lang=\"PL-PL\" xml:lang=\"PL-PL\" data-contrast=\"auto\"><span class=\"NormalTextRun CommentHighlightHovered SCXW266640397 BCX9\">dr hab. Grzegorz Be\u0142z, prof. UE, Uniwersytet Ekonomiczny we Wroc\u0142awiu<\/span><\/span><span class=\"EOP CommentHighlightPipeHovered SCXW266640397 BCX9\" data-ccp-props=\"{\">\u00a0<\/span><\/li><li>dr hab. Andrzej Bytniewski, prof. UE, Uniwersytet Ekonomiczny we Wroc\u0142awiu<\/li><li>dr hab. Iwona Chomiak-Orsa, prof. UE, Uniwersytet Ekonomiczny we Wroc\u0142awiu<\/li><li>prof. dr. Krzysztof Cios, Virginia Commonwealth University, USA<\/li><li>dr hab. Jacek Cypryja\u0144ski, prof. US, Uniwersytet Szczeci\u0144ski<\/li><li>dr hab. Beata Czarnacka-Chrobot, prof. SGH, Szko\u0142a G\u0142\u00f3wna Handlowa w Warszawie<\/li><li>prof. dr hab. Dariusz Dziuba, Uniwersytet Warszawski<\/li><li>prof. dr hab. Mariusz Flasi\u0144ski, Uniwersytet Jagiello\u0144ski w Krakowie<\/li><li>prof. zw. dr hab. in\u017c. Bogdan Franczyk, Uniwersytet Ekonomiczny we Wroc\u0142awiu<\/li><li>prof. dr hab. Aldona Fr\u0105ckiewicz-Wronka, Uniwersytet Ekonomiczny w Katowicach<\/li><li>prof. dr hab. Jerzy Go\u0142uchowski, Uniwersytet Ekonomiczny w Katowicach<\/li><li>dr hab. Janusz Grabara, Politechnika Cz\u0119stochowska<\/li><li>dr hab. Mariusz Grabowski, prof. UEK, Uniwersytet Ekonomiczny w Krakowie<\/li><li>dr hab. in\u017c. Marcin Hernes, Uniwersytet Ekonomiczny we Wroc\u0142awiu<\/li><li>dr Tomasz Janowski, prof. PG, Politechnika Gda\u0144ska<\/li><li>dr hab. Arkadiusz Januszewski, prof. uczelni, Politechnika Bydgoska<\/li><li>prof. dr hab. Dorota Jelonek, Politechnika Cz\u0119stochowska<\/li><li>prof. dr hab. Bohdan Jung, Szko\u0142a G\u0142\u00f3wna Handlowa w Warszawie<\/li><li>dr hab. Krzysztof Kania, Uniwersytet Ekonomiczny w Katowicach<\/li><li>dr hab. Andrzej Kobyli\u0144ski, prof. SGH, Szko\u0142a G\u0142\u00f3wna Handlowa w Warszawie<\/li><li>prof. dr hab. Jerzy Korczak, Mi\u0119dzynarodowa Wy\u017csza Szko\u0142a Logistyki i Transportu we Wroc\u0142awiu<\/li><li>dr hab. Alina Kozarkiewicz, prof. AGH, Akademia G\u00f3rniczo-Hutnicza w Krakowie<\/li><li>dr hab. Andrzej Kozina, prof. UEK, Uniwersytet Ekonomiczny w Krakowie<\/li><li>dr hab. Ewa Krok, prof. US, Uniwersytet Szczeci\u0144ski<\/li><li>dr hab. Maria Mach-Kr\u00f3l, prof. UE, Uniwersytet Ekonomiczny w Katowicach<\/li><li>prof. dr hab. in\u017c. Ma\u0142gorzata Krzywonos, Uniwersytet Ekonomiczny we Wroc\u0142awiu<\/li><li>dr hab. Ewa Maruszewska, Uniwersytet Ekonomiczny w Katowicach<\/li><li>prof. dr hab. Marian Nied\u017awiedzi\u0144ski, Wy\u017csza Szko\u0142a Informatyki i Umiej\u0119tno\u015bci w \u0141odzi<\/li><li>dr hab. Krzysztof Nowosielski, prof. UE, Uniwersytet Ekonomiczny we Wroc\u0142awiu<\/li><li>prof. dr hab. Celina Olszak, Uniwersytet Ekonomiczny w Katowicach<\/li><li>dr hab. Mieczys\u0142aw Owoc, prof. UE, Uniwersytet Ekonomiczny we Wroc\u0142awiu<\/li><li>dr hab. Joanna Paliszkiewicz, prof. SGGW, Szko\u0142a G\u0142\u00f3wna Gospodarstwa Wiejskiego w Warszawie<\/li><li>dr hab. Gra\u017cyna Paliwoda-P\u0119kosz, prof. UE, Uniwersytet Ekonomiczny w Krakowie<\/li><li><span class=\"TextRun Highlight SCXW207349967 BCX9\" lang=\"PL-PL\" xml:lang=\"PL-PL\" data-contrast=\"auto\"><span class=\"NormalTextRun CommentHighlightClicked SCXW207349967 BCX9\">dr hab. Anna Pamu\u0142a, prof. U\u0141, Uniwersytet \u0141\u00f3dzki<\/span><\/span><span class=\"EOP CommentHighlightPipeClicked SCXW207349967 BCX9\" data-ccp-props=\"{\">\u00a0<\/span><\/li><li>prof. dr hab. Ma\u0142gorzata Pa\u0144kowska, Uniwersytet Ekonomiczny w Katowicach<\/li><li>prof. dr hab. Kazimierz Perechuda, Uniwersytet Ekonomiczny we Wroc\u0142awiu<\/li><li>dr in\u017c. Maciej Pondel, prof. UEW, Uniwersytet Ekonomiczny we Wroc\u0142awiu<\/li><li>dr hab. in\u017c. Katarzyna Rostek, prof. PW, Politechnika Warszawska<\/li><li>dr Artur Rot, prof. UEW, Uniwersytet Ekonomiczny we Wroc\u0142awiu<\/li><li>prof. dr hab. Marcin Sikorski, Politechnika Gda\u0144ska<\/li><li>dr hab. Andrzej Sobczak, prof. SGH, Szko\u0142a G\u0142\u00f3wna Handlowa w Warszawie<\/li><li>dr hab. Piotr Soja, prof. UEK, Uniwersytet Ekonomiczny w Krakowie<\/li><li>dr hab. Anna So\u0142tysik-Piorunkiewicz, Uniwersytet Ekonomiczny w Katowicach<\/li><li>dr hab. in\u017c. Seweryn Spa\u0142ek, prof. P\u015a, Politechnika \u015al\u0105ska<\/li><li>dr hab. in\u017c Stanis\u0142aw Stanek, prof. AWL, Akademia Wojsk L\u0105dowych we Wroc\u0142awiu<\/li><li>dr hab. Jakub Swacha, prof. US, Uniwersytet Szczeci\u0144ski<\/li><li>dr hab. in\u017c. Grzegorz Szyma\u0144ski, prof. P\u0141, Politechnika \u0141\u00f3dzka<\/li><li>dr hab. Urszula \u015awierczy\u0144ska-Kaczor, prof. \u0141SF, \u0141\u00f3dzka Szko\u0142a Filmowa<\/li><li><span class=\"NormalTextRun SCXW100859139 BCX9\">dr hab. Jaros\u0142aw <\/span><span class=\"ContextualSpellingAndGrammarError SCXW100859139 BCX9\">W\u0105tr\u00f3bski,\u00a0 prof.<\/span><span class=\"NormalTextRun SCXW100859139 BCX9\"> US, Uniwersytet Szczeci\u0144sk<\/span><\/li><li>dr hab. Janusz Wielki, prof. PO, Politechnika Opolska<\/li><li>prof. dr hab. Jan Wiktor, Uniwersytet Ekonomiczny w Krakowie<\/li><li>dr hab. Tomasz Zalega, prof. UW, Uniwersytet Warszawski<\/li><li>dr hab. in\u017c. Janusz Zawi\u0142a-Nied\u017awiecki, prof. PW, Politechnika Warszawska<\/li><\/ul>\t\t\t\t\t\t<\/div>\n\t\t\t\t<\/div>\n\t\t\t\t\t<\/div>\n\t\t<\/div>\n\t\t\t\t\t\t\t<\/div>\n\t\t<\/section>\n\t\t\t\t\t\t<\/div>\n\t\t\t\t\t<\/div>\n\t\t","protected":false},"excerpt":{"rendered":"<p>Komitet Naukowy Kolegium: dr hab. Helena Dudycz, prof. UEW, Uniwersytet Ekonomiczny we Wroc\u0142awiu, przewodnicz\u0105ca prof. dr hab. Witold Chmielarz, Uniwersytet Warszawski \u2013 wiceprzewodnicz\u0105cy prof. dr hab. Jerzy Kisielnicki, Uniwersytet Warszawski \u2013 wiceprzewodnicz\u0105cy prof. dr hab. in\u017c. Kesra Nermend, Uniwersytet Szczeci\u0144ski \u2013 wiceprzewodnicz\u0105cy prof. dr hab. Zdzis\u0142aw Szyjewski, Uniwersytet Szczeci\u0144ski \u2013 wiceprzewodnicz\u0105cy prof. dr. hab. Ewa [&hellip;]<\/p>\n","protected":false},"author":3,"featured_media":0,"parent":0,"menu_order":0,"comment_status":"closed","ping_status":"closed","template":"","meta":{"footnotes":""},"class_list":["post-24","page","type-page","status-publish","hentry","entry"],"_links":{"self":[{"href":"https:\/\/iwz2022.ue.wroc.pl\/index.php?rest_route=\/wp\/v2\/pages\/24","targetHints":{"allow":["GET"]}}],"collection":[{"href":"https:\/\/iwz2022.ue.wroc.pl\/index.php?rest_route=\/wp\/v2\/pages"}],"about":[{"href":"https:\/\/iwz2022.ue.wroc.pl\/index.php?rest_route=\/wp\/v2\/types\/page"}],"author":[{"embeddable":true,"href":"https:\/\/iwz2022.ue.wroc.pl\/index.php?rest_route=\/wp\/v2\/users\/3"}],"replies":[{"embeddable":true,"href":"https:\/\/iwz2022.ue.wroc.pl\/index.php?rest_route=%2Fwp%2Fv2%2Fcomments&post=24"}],"version-history":[{"count":35,"href":"https:\/\/iwz2022.ue.wroc.pl\/index.php?rest_route=\/wp\/v2\/pages\/24\/revisions"}],"predecessor-version":[{"id":933,"href":"https:\/\/iwz2022.ue.wroc.pl\/index.php?rest_route=\/wp\/v2\/pages\/24\/revisions\/933"}],"wp:attachment":[{"href":"https:\/\/iwz2022.ue.wroc.pl\/index.php?rest_route=%2Fwp%2Fv2%2Fmedia&parent=24"}],"curies":[{"name":"wp","href":"https:\/\/api.w.org\/{rel}","templated":true}]}}