{"id":22,"date":"2022-03-17T09:26:09","date_gmt":"2022-03-17T08:26:09","guid":{"rendered":"https:\/\/iwz2022.ue.wroc.pl\/?page_id=22"},"modified":"2022-11-29T21:37:27","modified_gmt":"2022-11-29T20:37:27","slug":"program","status":"publish","type":"page","link":"https:\/\/iwz2022.ue.wroc.pl\/?page_id=22","title":{"rendered":"Program ramowy"},"content":{"rendered":"\t\t<div data-elementor-type=\"wp-page\" data-elementor-id=\"22\" class=\"elementor elementor-22\" data-elementor-settings=\"[]\">\n\t\t\t\t\t\t\t<div class=\"elementor-section-wrap\">\n\t\t\t\t\t\t\t<section class=\"elementor-section elementor-top-section elementor-element elementor-element-44a77249 elementor-section-full_width elementor-section-height-min-height elementor-section-items-top elementor-section-height-default\" data-id=\"44a77249\" data-element_type=\"section\" data-settings=\"{&quot;background_background&quot;:&quot;gradient&quot;,&quot;shape_divider_top&quot;:&quot;book&quot;,&quot;shape_divider_top_negative&quot;:&quot;yes&quot;}\">\n\t\t\t\t\t<div class=\"elementor-shape elementor-shape-top\" data-negative=\"true\">\n\t\t\t<svg xmlns=\"http:\/\/www.w3.org\/2000\/svg\" viewBox=\"0 0 1000 100\" preserveAspectRatio=\"none\">\n\t<path class=\"elementor-shape-fill\" d=\"M806,94.7C619.5,90,500,20.3,500,1.7c-1,18.6-117.5,88.3-306,93C92,97.2,0,97.9,0,97.9v-0l0,0v2.3h1000v-2.3 C1000,97.7,920.3,97.6,806,94.7z M350,65.1L350,65.1L350,65.1L350,65.1z\"\/>\n<\/svg>\n\t\t<\/div>\n\t\t\t\t\t<div class=\"elementor-container elementor-column-gap-default\">\n\t\t\t\t\t<div class=\"elementor-column elementor-col-100 elementor-top-column elementor-element elementor-element-35252172\" data-id=\"35252172\" data-element_type=\"column\">\n\t\t\t<div class=\"elementor-widget-wrap elementor-element-populated\">\n\t\t\t\t\t\t\t\t<div class=\"elementor-element elementor-element-cafc658 elementor-invisible elementor-widget elementor-widget-text-editor\" data-id=\"cafc658\" data-element_type=\"widget\" data-settings=\"{&quot;_animation&quot;:&quot;fadeIn&quot;}\" data-widget_type=\"text-editor.default\">\n\t\t\t\t<div class=\"elementor-widget-container\">\n\t\t\t<style>\/*! elementor - v3.5.6 - 28-02-2022 *\/\n.elementor-widget-text-editor.elementor-drop-cap-view-stacked .elementor-drop-cap{background-color:#818a91;color:#fff}.elementor-widget-text-editor.elementor-drop-cap-view-framed .elementor-drop-cap{color:#818a91;border:3px solid;background-color:transparent}.elementor-widget-text-editor:not(.elementor-drop-cap-view-default) .elementor-drop-cap{margin-top:8px}.elementor-widget-text-editor:not(.elementor-drop-cap-view-default) .elementor-drop-cap-letter{width:1em;height:1em}.elementor-widget-text-editor .elementor-drop-cap{float:left;text-align:center;line-height:1;font-size:50px}.elementor-widget-text-editor .elementor-drop-cap-letter{display:inline-block}<\/style>\t\t\t\t<h1>Og\u00f3lny program <b> warsztat\u00f3w oraz konferencji:<\/b><\/h1><p><b>30.11.2022r. (\u015broda) &#8211; Warsztaty naukowe: Innowacyjne technologie ICT we wspomaganiu zarz\u0105dzania, ekonomii i finans\u00f3w<br \/><\/b><\/p><p><strong>Prowadz\u0105cy warsztaty: dr hab. in\u017c. Marcin Hernes, prof UEW<\/strong><\/p><ul><li>12.00 &#8211; 13.30 Wyk\u0142ad zaproszony \u201eMetodologia pisania prac doktorskich z zakresu informatyki w zarz\u0105dzaniu, ekonomii i finansach\u201d<ul><li>wyk\u0142ad poprowadz\u0105:<ul><li><strong>prof. dr hab. Ewa Ziemba, Uniwersytet Ekonomiczny w Katowicach<\/strong><ul><li>Ewa Ziemba jest profesorem nauk ekonomicznych. Prace naukowo-badawcze koncentruje wok\u00f3\u0142 wykorzystania technologii i system\u00f3w informatycznych na potrzeby doskonalenia biznesu, administracji publicznej i zr\u00f3wnowa\u017conego rozwoju. Jest jednym z lider\u00f3w w rozwijaniu wielowymiarowego podej\u015bcia do zr\u00f3wnowa\u017conego spo\u0142ecze\u0144stwa informacyjnego. Profesor Ewa Ziemba opublikowa\u0142a ponad 200 artyku\u0142\u00f3w naukowych i 3 monografie, jest redaktorem 20 tom\u00f3w naukowych. By\u0142a koordynatorem i g\u0142\u00f3wnym wykonawc\u0105 w ponad 30 presti\u017cowych polskich i mi\u0119dzynarodowych projektach badawczych. Jest ekspertem Narodowego Centrum Bada\u0144 i Rozwoju, Academy of Finland, Malta\u0144skiej Rady ds. Nauki i Technologii oraz Funduszu Naukowego Republiki Serbii. Profesor Ewa Ziemba wiele razy by\u0142a zapraszana do prowadzenia warsztat\u00f3w metodologicznych i wyg\u0142aszania wyk\u0142ad\u00f3w go\u015bcinnych. Wsp\u00f3\u0142pracuje z redakcjami czasopism mi\u0119dzynarodowych, jest redaktorem naczelnym Journal of Economics and Management.<\/li><li>Profesor Ewa Ziemba otrzyma\u0142a liczne nagrody za wybitne osi\u0105gni\u0119cia i prace naukowe, rozw\u00f3j m\u0142odej kadry akademickiej oraz prac\u0119 na rzecz \u015brodowiska naukowego. Otrzyma\u0142a Nagrod\u0119 Ministra Nauki i Szkolnictwa Wy\u017cszego za znaczne osi\u0105gni\u0119cie naukowe. W 2021 roku zosta\u0142a wybrana na cz\u0142onka zwyczajnego European Academy of Sciences and Arts w Salzburgu.<\/li><\/ul><\/li><li><strong>dr hab. in\u017c. Jaros\u0142aw W\u0105tr\u00f3bski, prof. US, Uniwersytet Szczeci\u0144ski<\/strong><ul><li><p><em>Jaros\u0142aw W\u0105tr\u00f3bski jest doktorem habilitowanym nauk o zarz\u0105dzaniu i jako\u015bci. Posiada doktorat w obszarze nauk technicznych w dyscyplinie Informatyka. Jest zatrudniony na stanowisku profesora uczelni Uniwersytetu Szczeci\u0144skiego. Praca badawcza\u00a0 koncentruje si\u0119 wok\u00f3\u0142 problematyki wspomagania decyzji, w szczeg\u00f3lno\u015bci podejmowania decyzji w obszarze wielu kryteri\u00f3w. Opublikowa\u0142 ponad 200 artyku\u0142\u00f3w naukowych, jest redaktorem i wsp\u00f3\u0142pracuje z redakcjami wielu\u00a0 mi\u0119dzynarodowych czasopism naukowych. Jest autorem ponad 400stu recenzji dla\u00a0 topowych \u015bwiatowych\u00a0 czasopism naukowych. Za swoje prace otrzyma\u0142 szereg nauk i wyr\u00f3\u017cnie\u0144 krajowych i\u00a0zagranicznych. W latach 2019, 2020 oraz 2021 zosta\u0142 zaliczony do 2% najcz\u0119\u015bciej cytowanych na \u015bwiecie naukowc\u00f3w.<\/em><\/p><\/li><\/ul><\/li><\/ul><\/li><\/ul><\/li><li>13.30 &#8211; 14.15 Lunch<\/li><li>14.15 &#8211; 16.00 Sesja\u00a0 \u201eProblemy badawcze podejmowane przez m\u0142odych adept\u00f3w nauki\u201d<\/li><li>16.15 &#8211; 16.45 Przerwa kawowa<\/li><li>16.45 &#8211; 18.00 Panel\u00a0 \u201eProblemy badawcze na styku nauka i biznes\u201d<\/li><li>18.30 Welcome reception<\/li><\/ul><p><strong><b>01.12.2022r. (czwartek) &#8211; Konferencja IwZ\u20192022<\/b><\/strong><\/p><ul><li>08.00 &#8211; 09.00 Rejestracja uczestnik\u00f3w na konferencj\u0119<\/li><li>09.00 &#8211; 09.30 Uroczyste otwarcie Konferencji<\/li><li>09.30 &#8211; 11.00 Sesja plenarna<\/li><li>11.00 &#8211; 11.30 Przerwa kawowa<\/li><li>11.30 &#8211; 13.00 Sesje referatowe (tematyczne)<\/li><li>13.00 \u2013 14.00 Lunch<\/li><li>14.00 &#8211; 15.00 Wyk\u0142ad otwarty zaproszonego go\u015bcia (tzn. keynote\u00a0 speaker)<ul><li><b>Prof. Marcin Fojcik &#8211; <\/b><span class=\"x_xcontentpasted0\"><b><span lang=\"EN-US\">Data gathering. Performance evaluation of industrial SOA using OPC UA as an example<\/span><\/b><\/span><ul><li>Marcin Fojcik is a professor at the Department of Computer Science, Electrical Engineering, and Mathematical Sciences, Western Norway University of Applied Sciences (HVL), F\u00f8rde, Norway.<\/li><li>Marcin Fojcik is working both with research and teaching in engineering. He received the HVL education award, among others, for including students in research. His research interests include automation and communications, primarily industrial and wireless. In addition, he is working with Quality of Service and Service Oriented Architecture &#8211; from real-time protocols, Factory 4.0 to the Internet of Things. Many of his activities are interdisciplinary \u2013 combining engineering with health, education, and management. He is a member of Universities Norway &#8211; MNT (Mathematics, Natural Sciences, and Technology). Marcin Fojcik also has practical experience in the automation of production processes and management systems.<\/li><li>He has authored over 60 peer-reviewed publications in international journals and conferences.<\/li><\/ul><\/li><\/ul><\/li><li>15.00 &#8211; 15.30 Przerwa kawowa<\/li><li>15.30 &#8211; 17.00 Panel: Wsp\u00f3\u0142praca nauka-biznes &#8211; wyzwania i bariery<\/li><li>20.00 Kolacja<ul><li>Jubileusz dr. hab. Andrzeja Bytniewskiego, prof. UEW<\/li><li>Jubileusz dr. hab. in\u017c. Mieczys\u0142awa L. Owoca, prof. UEW<\/li><\/ul><\/li><\/ul><p><strong>Kolacja<\/strong> \u2013 Novotel Wroc\u0142aw Centrum, Wroc\u0142aw, ul. Powsta\u0144c\u00f3w \u015al\u0105skich 7<br \/>Na has\u0142o \u201ekonferencja IWZ\u201d noclegi w hotelu Novotel Wroc\u0142aw Centrum oraz Ibis Wroc\u0142aw Centrum 10% taniej.<br \/>Kontakt do rezerwacji nocleg\u00f3w: 71 722 49 60, e-m<span lang=\"en-GB\">ail:\u00a0<\/span><a href=\"mailto:ha073-re@accor.com\" target=\"_blank\" rel=\"noopener noreferrer\" data-auth=\"NotApplicable\" data-safelink=\"true\" data-linkindex=\"0\"><span lang=\"en-GB\">ha073-re@accor.com<\/span><\/a><span lang=\"en-GB\">.<\/span><\/p><p><strong>02.12.2022r. (pi\u0105tek) &#8211; Konferencja IwZ\u20192022<\/strong><\/p><ul><li>09.00 &#8211; 10.00 Sesje referatowe<\/li><li>10.00 &#8211; 11.00 Wyk\u0142ad otwarty zaproszonego go\u015bcia (tzn. keynote\u00a0 speaker)<ul><li><b>Dr hab. in\u017c. Adrianna Kozierkiewicz, prof. PWr. &#8211; <\/b><b>Metody oceny efektywno\u015bci procesu integracji informacji i wiedzy pochodz\u0105cych z r\u00f3\u017cnych \u017ar\u00f3de\u0142<\/b><ul><li>Dr hab. in\u017c. Adrianna Kozierkiewicz pracuje na stanowisku profesora uczelni na Wydziale Informatyki i Telekomunikacji Politechniki Wroc\u0142awskiej. Prof. Kozierkiewicz jest autork\u0105 lub wsp\u00f3\u0142autork\u0105 blisko 80 publikacji naukowych, w tym artyku\u0142\u00f3w w czasopismach z listy filadelfijskiej, a tak\u017ce edytorem 2 ksi\u0105\u017cek wydanych przez presti\u017cowe wydawnictwo Springer. Jej zainteresowania badawcze dotycz\u0105 technik przetwarzania wiedzy oraz sztucznej inteligencji, kt\u00f3re s\u0105 nieod\u0142\u0105cznymi elementami nowoczesnych system\u00f3w komputerowych. Jej prace badawcze powsta\u0142y w ramach projekt\u00f3w finansowanych mi\u0119dzy innymi przez Narodowe Centrum Bada\u0144 i Rozwoju czy Narodowego Centrum Nauki. Prof. Kozierkiewicz prowadzi swoje badania r\u00f3wnie\u017c we wsp\u00f3\u0142pracy z biznesem, czego\u00a0 efektem s\u0105 wyniki prac w ramach bonu na innowacje.<\/li><li>Ponadto, jest edytorem zarz\u0105dzaj\u0105cym czasopisma International Journal of Intelligent Information and Database System oraz cz\u0142onkiem grupy badawczej Computational Collective Intelligence &#8211; IEEE SMC. Od kilkunastu lat jest zaanga\u017cowana w organizacj\u0119 mi\u0119dzynarodowych konferencji naukowych m.in. ICCCI: International Conference on Computational Collective Intelligence oraz ACIIDS: Asian Conference on Intelligent Information and Database Systems. W sumie by\u0142a cz\u0142onkiem komitetu organizacyjnego blisko 30, a komitetu programowego ponad 70 mi\u0119dzynarodowych konferencji. Zorganizowa\u0142a kilka sesji specjalnych oraz wyg\u0142osi\u0142a kilkana\u015bcie wyst\u0105pie\u0144 podczas mi\u0119dzynarodowych konferencji.<\/li><\/ul><\/li><\/ul><\/li><li>11.00 &#8211; 11.30 Przerwa kawowa<\/li><li>11.30 &#8211; 12.55 Sesje referatowe (tematyczne)<\/li><li>13.05 &#8211; 14.15 Sesja plenarna oraz zamkni\u0119cie konferencji IwZ\u20192022 oraz zaproszenie na konferencj\u0119 IwZ\u20192023 przez kolejnego organizatora<\/li><li>14.15 &#8211; 15.00 Lunch<\/li><\/ul><p>Aktualizacja w dniu: 29.11.2022r.<\/p>\t\t\t\t\t\t<\/div>\n\t\t\t\t<\/div>\n\t\t\t\t\t<\/div>\n\t\t<\/div>\n\t\t\t\t\t\t\t<\/div>\n\t\t<\/section>\n\t\t\t\t\t\t<\/div>\n\t\t\t\t\t<\/div>\n\t\t","protected":false},"excerpt":{"rendered":"<p>Og\u00f3lny program warsztat\u00f3w oraz konferencji: 30.11.2022r. (\u015broda) &#8211; Warsztaty naukowe: Innowacyjne technologie ICT we wspomaganiu zarz\u0105dzania, ekonomii i finans\u00f3w Prowadz\u0105cy warsztaty: dr hab. in\u017c. Marcin Hernes, prof UEW 12.00 &#8211; 13.30 Wyk\u0142ad zaproszony \u201eMetodologia pisania prac doktorskich z zakresu informatyki w zarz\u0105dzaniu, ekonomii i finansach\u201d wyk\u0142ad poprowadz\u0105: prof. dr hab. Ewa Ziemba, Uniwersytet Ekonomiczny w [&hellip;]<\/p>\n","protected":false},"author":3,"featured_media":0,"parent":0,"menu_order":0,"comment_status":"closed","ping_status":"closed","template":"","meta":{"footnotes":""},"class_list":["post-22","page","type-page","status-publish","hentry","entry"],"_links":{"self":[{"href":"https:\/\/iwz2022.ue.wroc.pl\/index.php?rest_route=\/wp\/v2\/pages\/22","targetHints":{"allow":["GET"]}}],"collection":[{"href":"https:\/\/iwz2022.ue.wroc.pl\/index.php?rest_route=\/wp\/v2\/pages"}],"about":[{"href":"https:\/\/iwz2022.ue.wroc.pl\/index.php?rest_route=\/wp\/v2\/types\/page"}],"author":[{"embeddable":true,"href":"https:\/\/iwz2022.ue.wroc.pl\/index.php?rest_route=\/wp\/v2\/users\/3"}],"replies":[{"embeddable":true,"href":"https:\/\/iwz2022.ue.wroc.pl\/index.php?rest_route=%2Fwp%2Fv2%2Fcomments&post=22"}],"version-history":[{"count":124,"href":"https:\/\/iwz2022.ue.wroc.pl\/index.php?rest_route=\/wp\/v2\/pages\/22\/revisions"}],"predecessor-version":[{"id":1763,"href":"https:\/\/iwz2022.ue.wroc.pl\/index.php?rest_route=\/wp\/v2\/pages\/22\/revisions\/1763"}],"wp:attachment":[{"href":"https:\/\/iwz2022.ue.wroc.pl\/index.php?rest_route=%2Fwp%2Fv2%2Fmedia&parent=22"}],"curies":[{"name":"wp","href":"https:\/\/api.w.org\/{rel}","templated":true}]}}