{"id":2072,"date":"2022-12-21T07:20:23","date_gmt":"2022-12-21T06:20:23","guid":{"rendered":"https:\/\/iwz2022.ue.wroc.pl\/?page_id=2072"},"modified":"2022-12-21T07:27:02","modified_gmt":"2022-12-21T06:27:02","slug":"o-nas-w-mediach","status":"publish","type":"page","link":"https:\/\/iwz2022.ue.wroc.pl\/?page_id=2072","title":{"rendered":"O nas w mediach"},"content":{"rendered":"\t\t<div data-elementor-type=\"wp-page\" data-elementor-id=\"2072\" class=\"elementor elementor-2072\" data-elementor-settings=\"[]\">\n\t\t\t\t\t\t\t<div class=\"elementor-section-wrap\">\n\t\t\t\t\t\t\t<section class=\"elementor-section elementor-top-section elementor-element elementor-element-19ae8c elementor-section-full_width elementor-section-height-min-height elementor-section-items-top elementor-section-height-default\" data-id=\"19ae8c\" data-element_type=\"section\" data-settings=\"{&quot;background_background&quot;:&quot;gradient&quot;,&quot;shape_divider_top&quot;:&quot;book&quot;,&quot;shape_divider_top_negative&quot;:&quot;yes&quot;}\">\n\t\t\t\t\t<div class=\"elementor-shape elementor-shape-top\" data-negative=\"true\">\n\t\t\t<svg xmlns=\"http:\/\/www.w3.org\/2000\/svg\" viewBox=\"0 0 1000 100\" preserveAspectRatio=\"none\">\n\t<path class=\"elementor-shape-fill\" d=\"M806,94.7C619.5,90,500,20.3,500,1.7c-1,18.6-117.5,88.3-306,93C92,97.2,0,97.9,0,97.9v-0l0,0v2.3h1000v-2.3 C1000,97.7,920.3,97.6,806,94.7z M350,65.1L350,65.1L350,65.1L350,65.1z\"\/>\n<\/svg>\n\t\t<\/div>\n\t\t\t\t\t<div class=\"elementor-container elementor-column-gap-default\">\n\t\t\t\t\t<div class=\"elementor-column elementor-col-100 elementor-top-column elementor-element elementor-element-476bbbf5\" data-id=\"476bbbf5\" data-element_type=\"column\">\n\t\t\t<div class=\"elementor-widget-wrap elementor-element-populated\">\n\t\t\t\t\t\t\t\t<div class=\"elementor-element elementor-element-5540d4ee elementor-invisible elementor-widget elementor-widget-text-editor\" data-id=\"5540d4ee\" data-element_type=\"widget\" data-settings=\"{&quot;_animation&quot;:&quot;fadeIn&quot;}\" data-widget_type=\"text-editor.default\">\n\t\t\t\t<div class=\"elementor-widget-container\">\n\t\t\t<style>\/*! elementor - v3.5.6 - 28-02-2022 *\/\n.elementor-widget-text-editor.elementor-drop-cap-view-stacked .elementor-drop-cap{background-color:#818a91;color:#fff}.elementor-widget-text-editor.elementor-drop-cap-view-framed .elementor-drop-cap{color:#818a91;border:3px solid;background-color:transparent}.elementor-widget-text-editor:not(.elementor-drop-cap-view-default) .elementor-drop-cap{margin-top:8px}.elementor-widget-text-editor:not(.elementor-drop-cap-view-default) .elementor-drop-cap-letter{width:1em;height:1em}.elementor-widget-text-editor .elementor-drop-cap{float:left;text-align:center;line-height:1;font-size:50px}.elementor-widget-text-editor .elementor-drop-cap-letter{display:inline-block}<\/style>\t\t\t\t<h1>O nas w mediach:<\/h1><div>1. <span style=\"color: #0000ff;\"><a style=\"color: #0000ff;\" href=\"https:\/\/echo24.tv\/czas-dla-ekonomii\/jak-nowe-technologie-sprawdzaja-sie-w-zarzadzaniu-biznesem\/\">Konferencja IwZ\u20192022 oraz wsp\u00f3\u0142praca UEW z biznesem &#8211; Jak nowe technologie sprawdzaj\u0105 si\u0119 w zarz\u0105dzaniu biznesem &#8211; wywiad dr in\u017c. Maciej Pondel, prof. UEW<\/a><\/span><\/div><div>2. <span style=\"color: #0000ff;\"><a style=\"color: #0000ff;\" href=\"https:\/\/www.radiowroclaw.pl\/articles\/view\/125499\/Cyfrowy-Blizniak-na-Uniwersytecie-Ekonomicznym-we-Wroclawiu\">Konferencja IwZ\u20192022 oraz wsp\u00f3\u0142praca UEW z biznesem &#8211; Naukowcy z UE we Wroc\u0142awiu buduj\u0105 cyfrowe repliki dla biznesu &#8211; wywiad dr in\u017c. Maciej Pondel, prof. UEW<\/a><\/span><\/div><div>3. <span style=\"color: #0000ff;\"><a style=\"color: #0000ff;\" href=\"http:\/\/wz.uw.edu.pl\/aktualnosci\/46411\/konferencja-informatyka-w-zarzadzaniu\">Informacja o konferencji IwZ\u20192022 na stronie internetowej Wydzia\u0142u Zarz\u0105dzania Uniwersytetu Warszawskiego<\/a><\/span><\/div>\t\t\t\t\t\t<\/div>\n\t\t\t\t<\/div>\n\t\t\t\t\t<\/div>\n\t\t<\/div>\n\t\t\t\t\t\t\t<\/div>\n\t\t<\/section>\n\t\t\t\t\t\t<\/div>\n\t\t\t\t\t<\/div>\n\t\t","protected":false},"excerpt":{"rendered":"<p>O nas w mediach: 1. Konferencja IwZ\u20192022 oraz wsp\u00f3\u0142praca UEW z biznesem &#8211; Jak nowe technologie sprawdzaj\u0105 si\u0119 w zarz\u0105dzaniu biznesem &#8211; wywiad dr in\u017c. Maciej Pondel, prof. UEW2. Konferencja IwZ\u20192022 oraz wsp\u00f3\u0142praca UEW z biznesem &#8211; Naukowcy z UE we Wroc\u0142awiu buduj\u0105 cyfrowe repliki dla biznesu &#8211; wywiad dr in\u017c. Maciej Pondel, prof. UEW3. [&hellip;]<\/p>\n","protected":false},"author":3,"featured_media":0,"parent":0,"menu_order":0,"comment_status":"closed","ping_status":"closed","template":"","meta":{"footnotes":""},"class_list":["post-2072","page","type-page","status-publish","hentry","entry"],"_links":{"self":[{"href":"https:\/\/iwz2022.ue.wroc.pl\/index.php?rest_route=\/wp\/v2\/pages\/2072","targetHints":{"allow":["GET"]}}],"collection":[{"href":"https:\/\/iwz2022.ue.wroc.pl\/index.php?rest_route=\/wp\/v2\/pages"}],"about":[{"href":"https:\/\/iwz2022.ue.wroc.pl\/index.php?rest_route=\/wp\/v2\/types\/page"}],"author":[{"embeddable":true,"href":"https:\/\/iwz2022.ue.wroc.pl\/index.php?rest_route=\/wp\/v2\/users\/3"}],"replies":[{"embeddable":true,"href":"https:\/\/iwz2022.ue.wroc.pl\/index.php?rest_route=%2Fwp%2Fv2%2Fcomments&post=2072"}],"version-history":[{"count":5,"href":"https:\/\/iwz2022.ue.wroc.pl\/index.php?rest_route=\/wp\/v2\/pages\/2072\/revisions"}],"predecessor-version":[{"id":2078,"href":"https:\/\/iwz2022.ue.wroc.pl\/index.php?rest_route=\/wp\/v2\/pages\/2072\/revisions\/2078"}],"wp:attachment":[{"href":"https:\/\/iwz2022.ue.wroc.pl\/index.php?rest_route=%2Fwp%2Fv2%2Fmedia&parent=2072"}],"curies":[{"name":"wp","href":"https:\/\/api.w.org\/{rel}","templated":true}]}}