{"id":1618,"date":"2022-11-22T21:11:31","date_gmt":"2022-11-22T20:11:31","guid":{"rendered":"https:\/\/iwz2022.ue.wroc.pl\/?page_id=1618"},"modified":"2022-11-30T12:46:26","modified_gmt":"2022-11-30T11:46:26","slug":"program-warsztaty","status":"publish","type":"page","link":"https:\/\/iwz2022.ue.wroc.pl\/?page_id=1618","title":{"rendered":"Program &#8211; warsztaty"},"content":{"rendered":"\t\t<div data-elementor-type=\"wp-page\" data-elementor-id=\"1618\" class=\"elementor elementor-1618\" data-elementor-settings=\"[]\">\n\t\t\t\t\t\t\t<div class=\"elementor-section-wrap\">\n\t\t\t\t\t\t\t<section class=\"elementor-section elementor-top-section elementor-element elementor-element-2a21def7 elementor-section-full_width elementor-section-height-default elementor-section-height-default\" data-id=\"2a21def7\" data-element_type=\"section\" data-settings=\"{&quot;background_background&quot;:&quot;gradient&quot;,&quot;shape_divider_top&quot;:&quot;book&quot;,&quot;shape_divider_top_negative&quot;:&quot;yes&quot;}\">\n\t\t\t\t\t<div class=\"elementor-shape elementor-shape-top\" data-negative=\"true\">\n\t\t\t<svg xmlns=\"http:\/\/www.w3.org\/2000\/svg\" viewBox=\"0 0 1000 100\" preserveAspectRatio=\"none\">\n\t<path class=\"elementor-shape-fill\" d=\"M806,94.7C619.5,90,500,20.3,500,1.7c-1,18.6-117.5,88.3-306,93C92,97.2,0,97.9,0,97.9v-0l0,0v2.3h1000v-2.3 C1000,97.7,920.3,97.6,806,94.7z M350,65.1L350,65.1L350,65.1L350,65.1z\"\/>\n<\/svg>\n\t\t<\/div>\n\t\t\t\t\t<div class=\"elementor-container elementor-column-gap-default\">\n\t\t\t\t\t<div class=\"elementor-column elementor-col-100 elementor-top-column elementor-element elementor-element-7af3dfe0\" data-id=\"7af3dfe0\" data-element_type=\"column\">\n\t\t\t<div class=\"elementor-widget-wrap elementor-element-populated\">\n\t\t\t\t\t\t\t\t<div class=\"elementor-element elementor-element-7c21cc84 elementor-invisible elementor-widget elementor-widget-text-editor\" data-id=\"7c21cc84\" data-element_type=\"widget\" data-settings=\"{&quot;_animation&quot;:&quot;fadeIn&quot;}\" data-widget_type=\"text-editor.default\">\n\t\t\t\t<div class=\"elementor-widget-container\">\n\t\t\t<style>\/*! elementor - v3.5.6 - 28-02-2022 *\/\n.elementor-widget-text-editor.elementor-drop-cap-view-stacked .elementor-drop-cap{background-color:#818a91;color:#fff}.elementor-widget-text-editor.elementor-drop-cap-view-framed .elementor-drop-cap{color:#818a91;border:3px solid;background-color:transparent}.elementor-widget-text-editor:not(.elementor-drop-cap-view-default) .elementor-drop-cap{margin-top:8px}.elementor-widget-text-editor:not(.elementor-drop-cap-view-default) .elementor-drop-cap-letter{width:1em;height:1em}.elementor-widget-text-editor .elementor-drop-cap{float:left;text-align:center;line-height:1;font-size:50px}.elementor-widget-text-editor .elementor-drop-cap-letter{display:inline-block}<\/style>\t\t\t\t<h1 style=\"text-align: left;\"><strong>Program warsztat\u00f3w<br \/><\/strong><\/h1><p style=\"text-align: left;\"><a href=\"https:\/\/iwz2022.ue.wroc.pl\/wp-content\/uploads\/2022\/11\/Program_Warsztaty.pdf\"><span style=\"color: #0000ff;\">Szczeg\u00f3\u0142owy program warsztat\u00f3w<\/span><\/a><\/p><p style=\"text-align: left;\"><span style=\"color: #0000ff;\"><a style=\"color: #0000ff;\" href=\"https:\/\/tinyurl.com\/IwZ-2022-warsztaty\">Spotkanie online (link)<\/a><\/span><\/p><p style=\"text-align: left;\"><strong>30.11.2022r. (\u015broda) \u2013 sala 1 CKU, \u00a0Warsztaty naukowe: Innowacyjne technologie ICT we\u00a0wspomaganiu zarz\u0105dzania, ekonomii i finans\u00f3w<\/strong><\/p><p style=\"text-align: left;\"><strong>\u00a0<\/strong><strong>Prowadz\u0105cy warsztaty: dr hab. in\u017c. Marcin Hernes, prof. UEW<\/strong><\/p><ul><li style=\"text-align: left;\"><strong>12.00 \u2013 13.30 Wyk\u0142ad zaproszony \u201eMetodologia pisania prac doktorskich z zakresu informatyki w zarz\u0105dzaniu, ekonomii i finansach\u201d<\/strong><ul><li style=\"text-align: left;\"><strong>Prowadz\u0105cy: prof. dr hab. Ewa Ziemba oraz dr hab. Jaros\u0142aw W\u0105tr\u00f3bski, prof. US<\/strong><ul><li style=\"text-align: left;\"><em>Ewa Ziemba jest profesorem nauk ekonomicznych. Prace naukowo-badawcze koncentruje wok\u00f3\u0142 wykorzystania technologii i system\u00f3w informatycznych na potrzeby doskonalenia biznesu, administracji publicznej i zr\u00f3wnowa\u017conego rozwoju. Jest jednym z lider\u00f3w w rozwijaniu wielowymiarowego podej\u015bcia do zr\u00f3wnowa\u017conego spo\u0142ecze\u0144stwa informacyjnego. Profesor Ewa Ziemba opublikowa\u0142a ponad 200 artyku\u0142\u00f3w naukowych i 3 monografie, jest redaktorem 20 tom\u00f3w naukowych. By\u0142a koordynatorem i g\u0142\u00f3wnym wykonawc\u0105 w ponad 30 presti\u017cowych polskich i mi\u0119dzynarodowych projektach badawczych. Jest ekspertem Narodowego Centrum Bada\u0144 i Rozwoju, Academy of Finland, Malta\u0144skiej Rady ds. Nauki i Technologii oraz Funduszu Naukowego Republiki Serbii. Profesor Ewa Ziemba wiele razy by\u0142a zapraszana do prowadzenia warsztat\u00f3w metodologicznych i wyg\u0142aszania wyk\u0142ad\u00f3w go\u015bcinnych. Wsp\u00f3\u0142pracuje z redakcjami czasopism mi\u0119dzynarodowych, jest redaktorem naczelnym Journal of Economics and Management. Profesor Ewa Ziemba otrzyma\u0142a liczne nagrody za wybitne osi\u0105gni\u0119cia i prace naukowe, rozw\u00f3j m\u0142odej kadry akademickiej oraz prac\u0119 na rzecz \u015brodowiska naukowego. Otrzyma\u0142a Nagrod\u0119 Ministra Nauki i Szkolnictwa Wy\u017cszego za znaczne osi\u0105gni\u0119cie naukowe. W 2021 roku zosta\u0142a wybrana na cz\u0142onka zwyczajnego European Academy of Sciences and Arts w Salzburgu.<\/em><\/li><li><em>Jaros\u0142aw W\u0105tr\u00f3bski jest doktorem habilitowanym nauk o zarz\u0105dzaniu i jako\u015bci. Posiada doktorat w obszarze nauk technicznych w dyscyplinie Informatyka. Jest zatrudniony na stanowisku profesora uczelni Uniwersytetu Szczeci\u0144skiego. Praca badawcza\u00a0 koncentruje si\u0119 wok\u00f3\u0142 problematyki wspomagania decyzji, w szczeg\u00f3lno\u015bci podejmowania decyzji w obszarze wielu kryteri\u00f3w. Opublikowa\u0142 ponad 200 artyku\u0142\u00f3w naukowych, jest redaktorem i wsp\u00f3\u0142pracuje z redakcjami wielu\u00a0 mi\u0119dzynarodowych czasopism naukowych. Jest autorem ponad 400stu recenzji dla\u00a0 topowych \u015bwiatowych\u00a0 czasopism naukowych. Za swoje prace otrzyma\u0142 szereg nauk i wyr\u00f3\u017cnie\u0144 krajowych i\u00a0zagranicznych. W latach 2019, 2020 oraz 2021 zosta\u0142 zaliczony do 2% najcz\u0119\u015bciej cytowanych na \u015bwiecie naukowc\u00f3w.<\/em><\/li><\/ul><\/li><\/ul><\/li><\/ul><ul style=\"text-align: left;\"><li>13.30 \u2013 14.15 Lunch<\/li><li><strong>14.15 \u2013 16.00 Sesja\u00a0 \u201eProblemy badawcze podejmowane przez m\u0142odych adept\u00f3w nauki\u201d<\/strong><br \/><ul style=\"text-align: left;\"><li>mgr Katarzyna Renik: Blockchain &#8211; implikacje dla audytu<\/li><li>mgr in\u017c. Justyna Szyd\u0142owska: Mapping areas of ICT application for sustainable management<\/li><li>mgr Aleksandra Zaniewska: Fairness in Machine Learning \u2013 Bias Identification and Reduction<\/li><li>mgr in\u017c. Karolina Mia\u0142kowska: Selekcja danych dla impulsowych sieci neuronowych w systemach wspomagania decyzji<\/li><li>mgr in\u017c. Tomasz Zema: Prognozowanie sprzeda\u017cy paliw silnikowych z wykorzystaniem uczenia maszynowego<\/li><li>dr Anna Yaskiv: High-frequency MagAmp switch modeling for computer-aided design of power converters<\/li><\/ul><\/li><\/ul><ul style=\"text-align: left;\"><li>16.15 \u2013 16.45 Przerwa kawowa<\/li><li><strong>16.45 \u2013 18.00 Panel\u00a0 \u201eProblemy badawcze na styku nauka i biznes\u201d<\/strong><br \/><ul style=\"text-align: left;\"><li>mgr Maciej Krzan: Metoda wielokryterialnego wspomagania decyzji SAW w wyborze dostawcy rozwi\u0105za\u0144 system\u00f3w informatycznych<\/li><li>mgr Jacek Kara\u015b: Dobre praktyki i standardy z obszaru technologii informatycznych w procesach zarz\u0105dzania transformacj\u0105 cyfrow\u0105 w organizacji<\/li><li>lek. Miko\u0142aj B\u0142aziak: Ocena rokowania pacjent\u00f3w z chorob\u0105 wie\u0144cow\u0105 przy u\u017cyciu mechanizm\u00f3w sztucznej inteligencji.<\/li><li>mgr Marcin Mazgaj: Model taryfikacji sk\u0142adki w ubezpieczeniach komunikacyjnych oparty na technologii komunikacji zdalnej i algorytmie sztucznej inteligencji<\/li><li>mgr in\u017c. Krzysztof Chojnacki: Innowacyjne funkcjonalno\u015bci systemu ERP<\/li><\/ul><\/li><\/ul><ul><li style=\"text-align: left;\">18.30 Welcome reception<\/li><\/ul>\t\t\t\t\t\t<\/div>\n\t\t\t\t<\/div>\n\t\t\t\t\t<\/div>\n\t\t<\/div>\n\t\t\t\t\t\t\t<\/div>\n\t\t<\/section>\n\t\t\t\t\t\t<\/div>\n\t\t\t\t\t<\/div>\n\t\t","protected":false},"excerpt":{"rendered":"<p>Program warsztat\u00f3w Szczeg\u00f3\u0142owy program warsztat\u00f3w Spotkanie online (link) 30.11.2022r. (\u015broda) \u2013 sala 1 CKU, \u00a0Warsztaty naukowe: Innowacyjne technologie ICT we\u00a0wspomaganiu zarz\u0105dzania, ekonomii i finans\u00f3w \u00a0Prowadz\u0105cy warsztaty: dr hab. in\u017c. Marcin Hernes, prof. UEW 12.00 \u2013 13.30 Wyk\u0142ad zaproszony \u201eMetodologia pisania prac doktorskich z zakresu informatyki w zarz\u0105dzaniu, ekonomii i finansach\u201d Prowadz\u0105cy: prof. dr hab. Ewa [&hellip;]<\/p>\n","protected":false},"author":3,"featured_media":0,"parent":0,"menu_order":0,"comment_status":"closed","ping_status":"closed","template":"","meta":{"footnotes":""},"class_list":["post-1618","page","type-page","status-publish","hentry","entry"],"_links":{"self":[{"href":"https:\/\/iwz2022.ue.wroc.pl\/index.php?rest_route=\/wp\/v2\/pages\/1618","targetHints":{"allow":["GET"]}}],"collection":[{"href":"https:\/\/iwz2022.ue.wroc.pl\/index.php?rest_route=\/wp\/v2\/pages"}],"about":[{"href":"https:\/\/iwz2022.ue.wroc.pl\/index.php?rest_route=\/wp\/v2\/types\/page"}],"author":[{"embeddable":true,"href":"https:\/\/iwz2022.ue.wroc.pl\/index.php?rest_route=\/wp\/v2\/users\/3"}],"replies":[{"embeddable":true,"href":"https:\/\/iwz2022.ue.wroc.pl\/index.php?rest_route=%2Fwp%2Fv2%2Fcomments&post=1618"}],"version-history":[{"count":34,"href":"https:\/\/iwz2022.ue.wroc.pl\/index.php?rest_route=\/wp\/v2\/pages\/1618\/revisions"}],"predecessor-version":[{"id":1787,"href":"https:\/\/iwz2022.ue.wroc.pl\/index.php?rest_route=\/wp\/v2\/pages\/1618\/revisions\/1787"}],"wp:attachment":[{"href":"https:\/\/iwz2022.ue.wroc.pl\/index.php?rest_route=%2Fwp%2Fv2%2Fmedia&parent=1618"}],"curies":[{"name":"wp","href":"https:\/\/api.w.org\/{rel}","templated":true}]}}