{"id":1609,"date":"2022-11-22T20:54:57","date_gmt":"2022-11-22T19:54:57","guid":{"rendered":"https:\/\/iwz2022.ue.wroc.pl\/?page_id=1609"},"modified":"2022-11-30T15:22:32","modified_gmt":"2022-11-30T14:22:32","slug":"program-konferencja","status":"publish","type":"page","link":"https:\/\/iwz2022.ue.wroc.pl\/?page_id=1609","title":{"rendered":"Program &#8211; konferencja"},"content":{"rendered":"\t\t<div data-elementor-type=\"wp-page\" data-elementor-id=\"1609\" class=\"elementor elementor-1609\" data-elementor-settings=\"[]\">\n\t\t\t\t\t\t\t<div class=\"elementor-section-wrap\">\n\t\t\t\t\t\t\t<section class=\"elementor-section elementor-top-section elementor-element elementor-element-6e003a6 elementor-section-full_width elementor-section-height-default elementor-section-height-default\" data-id=\"6e003a6\" data-element_type=\"section\" data-settings=\"{&quot;background_background&quot;:&quot;gradient&quot;,&quot;shape_divider_top&quot;:&quot;book&quot;,&quot;shape_divider_top_negative&quot;:&quot;yes&quot;}\">\n\t\t\t\t\t<div class=\"elementor-shape elementor-shape-top\" data-negative=\"true\">\n\t\t\t<svg xmlns=\"http:\/\/www.w3.org\/2000\/svg\" viewBox=\"0 0 1000 100\" preserveAspectRatio=\"none\">\n\t<path class=\"elementor-shape-fill\" d=\"M806,94.7C619.5,90,500,20.3,500,1.7c-1,18.6-117.5,88.3-306,93C92,97.2,0,97.9,0,97.9v-0l0,0v2.3h1000v-2.3 C1000,97.7,920.3,97.6,806,94.7z M350,65.1L350,65.1L350,65.1L350,65.1z\"\/>\n<\/svg>\n\t\t<\/div>\n\t\t\t\t\t<div class=\"elementor-container elementor-column-gap-default\">\n\t\t\t\t\t<div class=\"elementor-column elementor-col-100 elementor-top-column elementor-element elementor-element-3c6dfd5e\" data-id=\"3c6dfd5e\" data-element_type=\"column\">\n\t\t\t<div class=\"elementor-widget-wrap elementor-element-populated\">\n\t\t\t\t\t\t\t\t<div class=\"elementor-element elementor-element-2868b89 elementor-invisible elementor-widget elementor-widget-text-editor\" data-id=\"2868b89\" data-element_type=\"widget\" data-settings=\"{&quot;_animation&quot;:&quot;fadeIn&quot;}\" data-widget_type=\"text-editor.default\">\n\t\t\t\t<div class=\"elementor-widget-container\">\n\t\t\t<style>\/*! elementor - v3.5.6 - 28-02-2022 *\/\n.elementor-widget-text-editor.elementor-drop-cap-view-stacked .elementor-drop-cap{background-color:#818a91;color:#fff}.elementor-widget-text-editor.elementor-drop-cap-view-framed .elementor-drop-cap{color:#818a91;border:3px solid;background-color:transparent}.elementor-widget-text-editor:not(.elementor-drop-cap-view-default) .elementor-drop-cap{margin-top:8px}.elementor-widget-text-editor:not(.elementor-drop-cap-view-default) .elementor-drop-cap-letter{width:1em;height:1em}.elementor-widget-text-editor .elementor-drop-cap{float:left;text-align:center;line-height:1;font-size:50px}.elementor-widget-text-editor .elementor-drop-cap-letter{display:inline-block}<\/style>\t\t\t\t<h1 style=\"text-align: left;\"><strong>Program konferencji IwZ&#8217;2022<br \/><\/strong><\/h1><p style=\"text-align: left;\"><a href=\"https:\/\/iwz2022.ue.wroc.pl\/wp-content\/uploads\/2022\/11\/Program_IwZ_2022.pdf\"><span style=\"color: #0000ff;\">Szczeg\u00f3\u0142owy program konferencji IwZ\u20192022<\/span> <span style=\"color: #0000ff;\">(link)<\/span><\/a><\/p><p class=\"x_MsoNormal\" style=\"text-align: left;\"><b>Komunikat dla uczestnik\u00f3w konferencji IwZ\u20192022 w trybie on-line:<\/b><\/p><ul><li class=\"x_MsoNormal\" style=\"text-align: left;\">Wszystkie sesje \u00a0z sali 1 CKU odbywaj\u0105 \u00a0si\u0119 pod tym samym linkiem: <a href=\"https:\/\/tinyurl.com\/Konferencja-IwZ2022-1CKU\"><span style=\"color: #0000ff;\"><strong>https:\/\/tinyurl.com\/Konferencja-IwZ2022-1CKU<\/strong><\/span><\/a><\/li><li class=\"x_MsoNormal\" style=\"text-align: left;\">Wszystkie sesje z sali 203 CKU odbywaj\u0105 \u00a0si\u0119 pod tym samym linkiem: <a href=\"https:\/\/tinyurl.com\/Konferencja-IwZ2022-203CKU\"><span style=\"color: #0000ff;\"><strong>https:\/\/tinyurl.com\/Konferencja-IwZ2022-203CKU<\/strong><\/span><\/a><\/li><\/ul><h3 style=\"text-align: left;\"><strong>01.12.2022r. (czwartek) <\/strong><\/h3><ul style=\"text-align: left;\"><li>08.00 \u2013 09.00 Rejestracja uczestnik\u00f3w na konferencj\u0119 bud. CKU<\/li><li><strong>09.00 \u2013 09.30 sala 1 CKU: Uroczyste otwarcie Konferencji\u00a0\u00a0\u00a0<span style=\"color: #0000ff;\"> <a style=\"color: #0000ff;\" href=\"https:\/\/tinyurl.com\/Konferencja-IwZ2022-1CKU\">link do spotkania online<\/a><\/span><\/strong><br \/><ul style=\"text-align: left;\"><li>Prorektor ds. Akredytacji i Wsp\u00f3\u0142pracy Mi\u0119dzynarodowej Uniwersytetu Ekonomicznego we Wroc\u0142awiu prof. dr hab. Bogus\u0142awa Drelich-Skulska;<\/li><li>Dziekan Wydzia\u0142u Zarz\u0105dzania dr hab. Estera Piwoni-Krzeszowska, prof. UEW<\/li><li>prof. dr hab. Zdzis\u0142aw Szyjewski<\/li><li>dr hab. Helena Dudycz, prof. UEW<\/li><\/ul><\/li><li><strong>09.30 \u2013 11.00 sala 1 CKU: Sesja plenarna\u00a0\u00a0<span style=\"color: #0000ff;\"> <a style=\"color: #0000ff;\" href=\"https:\/\/tinyurl.com\/Konferencja-IwZ2022-1CKU\">link do spotkania online<\/a><\/span><\/strong><br \/><ul style=\"text-align: left;\"><li><strong>Prowadzenie: prof. dr hab. Dorota Jelonek<\/strong><br \/><ul style=\"text-align: left;\"><li>prof. dr hab. Jerzy Kisielnicki; dr in\u017c. Anna Maria Misiak: Strategia innowacyjna tworzenie przedsi\u0119biorstwa\u00a0 (Industry) 4.0 jako elementu transformacji cyfrowej &#8211; Studium przypadku Orange<\/li><li>dr Marek M\u0119drek; dr \u0141ukasz Wiechetek; dr Jaros\u0142aw Bana\u015b; dr hab. Zbigniew Pastuszak, prof. UMCS: Analityczny system ekspertowy do modelowania \u015bladu w\u0119glowego wybranych materia\u0142\u00f3w opakowaniowych<\/li><li>mgr Maciej Tuszkiewicz; dr hab. Ewa Wanda Maruszewska, prof. UEW: Is there a risk to use erroneous financial data derived from Accounting Information Systems? An experimental investigation of workload and materiality of output data<\/li><li>prof. dr hab. Witold Chmielarz; dr Marek Zborowski; prof. Mesut Atasever; prof. Jin Xuetao; mgr Justyna Szpakowska: Przemiany w wykorzystaniu urz\u0105dze\u0144 mobilnych i stacjonarnych w handlu elektronicznym w czasie pandemii COVID-19. Por\u00f3wnanie Polska, Turcja i ChRL<\/li><li>dr Karolina Muszy\u0144ska: Ocena komunikacji opartej na platformie Teams w procesie dydaktycznym szko\u0142y wy\u017cszej w rzeczywisto\u015bci post-pandemicznej<\/li><\/ul><\/li><\/ul><\/li><li>11.00 \u2013 11.30 Przerwa kawowa<\/li><li><strong>11.30 \u2013 13.00 Sesje referatowe<\/strong><br \/><ul style=\"text-align: left;\"><li><strong>Sesja 1 \u2013 sala 1 CKU (wyst\u0105pienia w j. angielskim)\u00a0\u00a0 <span style=\"color: #0000ff;\"><a style=\"color: #0000ff;\" href=\"https:\/\/tinyurl.com\/Konferencja-IwZ2022-1CKU\">link do spotkania online<\/a><\/span><\/strong><br \/><ul style=\"text-align: left;\"><li><strong>Prowadzenie: prof. dr hab. Joanna Paliszkiewicz<\/strong><br \/><ul style=\"text-align: left;\"><li>dr Singh Uma Shankar: Consumption decision: viewer response profile effect on consumer temporal orientation with education moderation in satisfying societal needs<\/li><li>mgr in\u017c. Maksymilian Iwanow; dr hab. Helena Dudycz, prof. UEW; dr in\u017c. Krzysztof Michalak: Quality of service attributes for evaluation of Web Services. A systematic literature review<\/li><li>dr Mieczys\u0142aw Paw\u0142owski: Organizational aspiration for social impact. A text-mining approach to sustainability reporting analysis<\/li><li>mgr Artur Skoczylas; dr Wies\u0142awa Gryncewicz; dr Ryszard Zyga\u0142a: Intelligent Decision Support Systems in Operational Decision Making<\/li><li>dr Filip W\u00f3jcik: Deep reinforcement learning approach for portfolio optimization and risk management &#8211; case studies<\/li><\/ul><\/li><\/ul><\/li><li><strong>Sesja 2 \u2013 sala \u00a0203 CKU<\/strong> \u00a0 <span style=\"color: #0000ff;\"><strong> <a style=\"color: #0000ff;\" href=\"https:\/\/tinyurl.com\/Konferencja-IwZ2022-203CKU\">link do spotkania online<\/a><\/strong><\/span><br \/><ul style=\"text-align: left;\"><li><strong>Prowadzenie: dr hab. Arkadiusz Januszewski, prof. PB\u015a<\/strong><br \/><ul style=\"text-align: left;\"><li>dr J\u0119drzej Wieczorkowski; mgr Aleksandra Suwi\u0144ska: Automatic Hate Speech Detection Methods as a Tool Supporting a Sustainable Society and Economy<\/li><li>dr hab. Arkadiusz Januszewski, prof. PB\u015a; dr Dariusz \u017b\u00f3\u0142towski: The State of Research on Emerging Information and Communication Technologies for Sustainable Development<\/li><li>dr Oskar Szumski: Fair privacy in reference to government-business-citizen relation during COVID\u00a0\u201119<\/li><li>dr Monika Eisenbardt; dr Tomasz Eisenbardt: Cryptocurrencies as a potential replacement for traditional currencies in the opinion of the young generation<\/li><li>dr Daria Ho\u0142odnik: Clustering the perceptions of labelled actors of the Vall\u00e9e de la Gastronomie-France<\/li><\/ul><\/li><\/ul><\/li><\/ul><\/li><li>13.00 \u2013 14.00 Lunch<\/li><li><strong>14.00 \u2013 15.00<\/strong> <strong>sala 1 CKU: wyk\u0142ad prof. Marcina Fojcika<\/strong>, Western Norway University of Applied Sciences, pt. <strong>Data gathering. Performance evaluation of industrial SOA using OPC UA as an example\u00a0\u00a0 <span style=\"color: #0000ff;\"><a style=\"color: #0000ff;\" href=\"https:\/\/tinyurl.com\/Konferencja-IwZ2022-1CKU\">link do spotkania online<\/a><\/span><\/strong><br \/><ul style=\"text-align: left;\"><li><strong>Prowadz\u0105cy: dr Artur Rot, prof. UEW<\/strong><\/li><li><em>Marcin Fojcik is a professor at the Department of Computer Science, Electrical Engineering, and Mathematical Sciences, Western Norway University of Applied Sciences (HVL), F\u00f8rde, Norway. Marcin Fojcik is working both with research and teaching in engineering. He received the HVL education award, among others, for including students in research. His research interests include automation and communications, primarily industrial and wireless. In addition, he is working with Quality of Service and Service Oriented Architecture \u2013 from real-time protocols, Factory 4.0 to the Internet of Things. Many of his activities are interdisciplinary \u2013 combining engineering with health, education, and management. He is a member of Universities Norway \u2013 MNT (Mathematics, Natural Sciences, and Technology). Marcin Fojcik also has practical experience in the automation of production processes and management systems. He has authored over 60 peer-reviewed publications in international journals and conferences.<\/em><\/li><\/ul><\/li><li>15.00 \u2013 15.30 Przerwa kawowa<\/li><li><strong>15.30 \u2013 17.00 sala 1 CKU: panel pt. Wsp\u00f3\u0142praca nauka-biznes \u2013 wyzwania i bariery<\/strong> \u00a0 <span style=\"color: #0000ff;\"><strong> <a style=\"color: #0000ff;\" href=\"https:\/\/tinyurl.com\/Konferencja-IwZ2022-1CKU\">link do spotkania online<\/a><\/strong><\/span><br \/><ul style=\"text-align: left;\"><li><strong>Moderator: dr in\u017c. Maciej Pondel, prof. UEW<\/strong><\/li><li>Uczestnicy:<br \/><ul style=\"text-align: left;\"><li>mgr Marcin Mazgaj, Cliffsidebrokers Sp\u00f3\u0142ka Akcyjna<\/li><li>mgr in\u017c. Grzegorz Rudno-Rudzi\u0144ski,\u00a0 Unity Group<\/li><li>mgr Tomasz Sajewski, CRP we Wroc\u0142awiu Sp. z o.o.<\/li><li>prof. dr hab. Witold Chmielarz<\/li><li>dr hab. in\u017c. Marcin Hernes, prof. UEW<\/li><li>dr hab. Zbigniew Pastuszak, prof. UMCS<\/li><li>dr hab. Jaros\u0142aw W\u0105tr\u00f3bski, prof. US<\/li><\/ul><\/li><\/ul><\/li><li><strong>20.00 Kolacja &#8211; Novotel Wroc\u0142aw Centrum, Wroc\u0142aw, ul. Powsta\u0144c\u00f3w \u015al\u0105skich 7<\/strong><br \/><ul style=\"text-align: left;\"><li>Jubileusz dr. hab. Andrzeja Bytniewskiego, prof. UEW<\/li><li>Jubileusz dr. hab. in\u017c. Mieczys\u0142awa L. Owoca, prof. UEW<\/li><\/ul><\/li><\/ul><h3 style=\"text-align: left;\"><strong>02.12.2022r. (pi\u0105tek) \u2013 Konferencja IwZ\u20192022<\/strong><\/h3><ul><li style=\"text-align: left;\"><strong>09.00 \u2013 10.00 Sesje referatowe<\/strong><br \/><ul style=\"text-align: left;\"><li><strong>Sesja 3 \u2013 sala 1 CKU\u00a0\u00a0 <span style=\"color: #0000ff;\"><a style=\"color: #0000ff;\" href=\"https:\/\/tinyurl.com\/Konferencja-IwZ2022-1CKU\">link do spotkania online<\/a><\/span><\/strong><br \/><ul style=\"text-align: left;\"><li><strong>Prowadzenie: prof. US, dr hab. <\/strong><strong>Ewa Krok<\/strong><br \/><ul style=\"text-align: left;\"><li>mgr Maciej Sysak: Zintegrowany ekosystem informatyczny uczelni na przyk\u0142adzie Uniwersytetu \u0141\u00f3dzkiego<\/li><li>dr Ma\u0142gorzata Ole\u015b-Filiks: Postrzeganie przez student\u00f3w mo\u017cliwo\u015bci wykorzystania zarz\u0105dzania procesowego w usprawnianiu organizacji<\/li><li>dr in\u017c. Damian Dziembek: Determinants and effects application of Business Intelligence systems in the cloud computing model in enterprises<\/li><\/ul><\/li><\/ul><\/li><li><strong>Sesja 4 \u2013 sala 203 CKU\u00a0\u00a0 <span style=\"color: #0000ff;\"> <a style=\"color: #0000ff;\" href=\"https:\/\/tinyurl.com\/Konferencja-IwZ2022-203CKU\">link do spotkania online<\/a><\/span><\/strong><br \/><ul style=\"text-align: left;\"><li><strong>Prowadzenie: prof. dr hab. Ma\u0142gorzata Pa\u0144kowska<\/strong><br \/><ul style=\"text-align: left;\"><li>Elisaveta Panasiuk; dr \u0141ukasz Wiechetek: Analiza sk\u0142onno\u015bci konsument\u00f3w do akceptacji innowacyjnych rozwi\u0105za\u0144 ICT na przyk\u0142adzie bran\u017cy odzie\u017cowej<\/li><li>mgr Dorota Walentek: Identyfikacja potrzeb konsument\u00f3w w zakresie zakupu i u\u017cytkowania technologii rzeczywisto\u015bci rozszerzonej<\/li><li>dr in\u017c. Anna Borowska; mgr in\u017c. Adrianna Mateja: Metody neuronauki poznawczej w badaniu do\u015bwiadcze\u0144 u\u017cytkownika<\/li><\/ul><\/li><\/ul><\/li><\/ul><\/li><li style=\"text-align: left;\"><strong>\u00a010.<\/strong><strong>00 \u2013 11.00 sala 1 CKU:<\/strong> <strong>wyk\u0142ad dr hab. in\u017c. Adrianny Kozierkiewicz, prof. PWr. pt. Metody oceny efektywno\u015bci procesu integracji informacji i wiedzy pochodz\u0105cych z r\u00f3\u017cnych \u017ar\u00f3de\u0142\u00a0\u00a0 <span style=\"color: #0000ff;\"> <a style=\"color: #0000ff;\" href=\"https:\/\/tinyurl.com\/Konferencja-IwZ2022-1CKU\">link do spotkania online<\/a><\/span><br \/><\/strong><ul><li style=\"text-align: left;\"><strong>Prowadz\u0105cy: dr hab. in\u017c. Marcin Hernes, prof. UEW<\/strong><\/li><li style=\"text-align: left;\"><em>Dr hab. in\u017c. Adrianna Kozierkiewicz pracuje na stanowisku profesora uczelni na Wydziale Informatyki i Telekomunikacji Politechniki Wroc\u0142awskiej. Prof. Kozierkiewicz jest autork\u0105 lub wsp\u00f3\u0142autork\u0105 blisko 80 publikacji naukowych, w tym artyku\u0142\u00f3w w czasopismach z listy filadelfijskiej, a tak\u017ce edytorem 2 ksi\u0105\u017cek wydanych przez presti\u017cowe wydawnictwo Springer. Jej zainteresowania badawcze dotycz\u0105 technik przetwarzania wiedzy oraz sztucznej inteligencji, kt\u00f3re s\u0105 nieod\u0142\u0105cznymi elementami nowoczesnych system\u00f3w komputerowych. Jej prace badawcze powsta\u0142y w ramach projekt\u00f3w finansowanych mi\u0119dzy innymi przez Narodowe Centrum Bada\u0144 i Rozwoju czy Narodowego Centrum Nauki. Prof. Kozierkiewicz prowadzi swoje badania r\u00f3wnie\u017c we wsp\u00f3\u0142pracy z biznesem, czego\u00a0 efektem s\u0105 wyniki prac w ramach bonu na innowacje. Ponadto, jest edytorem zarz\u0105dzaj\u0105cym czasopisma International Journal of Intelligent Information and Database System oraz cz\u0142onkiem grupy badawczej Computational Collective Intelligence \u2013 IEEE SMC. Od kilkunastu lat jest zaanga\u017cowana w organizacj\u0119 mi\u0119dzynarodowych konferencji naukowych m.in. ICCCI: International Conference on Computational Collective Intelligence oraz ACIIDS: Asian Conference on Intelligent Information and Database Systems. W sumie by\u0142a cz\u0142onkiem komitetu organizacyjnego blisko 30, a komitetu programowego ponad 70 mi\u0119dzynarodowych konferencji. Zorganizowa\u0142a kilka sesji specjalnych oraz wyg\u0142osi\u0142a kilkana\u015bcie wyst\u0105pie\u0144 podczas mi\u0119dzynarodowych konferencji.<\/em><\/li><\/ul><\/li><li style=\"text-align: left;\">11.00 \u2013 11.30 Przerwa kawowa<\/li><li style=\"text-align: left;\"><strong>11.30 \u2013 12.55 <\/strong><strong>Sesje referatowe<\/strong><br \/><ul style=\"text-align: left;\"><li><strong>Sesja 5 \u2013 sala 1 CKU (wyst\u0105pienia w j. angielskim)\u00a0\u00a0 <span style=\"color: #0000ff;\"><a style=\"color: #0000ff;\" href=\"https:\/\/tinyurl.com\/Konferencja-IwZ2022-1CKU\">link do spotkania online<\/a><\/span><\/strong><br \/><ul style=\"text-align: left;\"><li><strong>Prowadzenie: dr hab. <\/strong><strong>Maria Mach-Kr\u00f3l, <\/strong><strong>prof. UEK<\/strong><br \/><ul style=\"text-align: left;\"><li>dr Adam Sulich, prof. UEW: The ecological games, management, environmental education &#8211; a literature review<\/li><li>mgr in\u017c. Agata Kozina: Data augmentation methods in decision support using machine learning<\/li><li>dr Kateryna Czerniachowska; dr in\u017c. Krzysztof Lutos\u0142awski: Heuristic approach for retail shelf space allocation problem with simultaneous vertical and horizontal product categorization<\/li><li>dr Piotr Stolarski: Analysis of the Successful and Bankrupt Digital Currency Exchanges based on Open Data<\/li><li>dr W\u0142odzimierz Lewoniewski: Demand and Supply of Information in Different Language Versions of Wikipedia<\/li><\/ul><\/li><\/ul><\/li><li style=\"text-align: left;\"><strong>Sesja 6 \u2013 sala \u00a0203 CKU\u00a0\u00a0 <span style=\"color: #0000ff;\"> <a style=\"color: #0000ff;\" href=\"https:\/\/tinyurl.com\/Konferencja-IwZ2022-203CKU\">link do spotkania online<\/a><\/span><\/strong><br \/><ul style=\"text-align: left;\"><li><strong>Prowadzenie: dr hab. Anna So\u0142tysik-Piorunkiewicz, prof. UEK<\/strong><br \/><ul style=\"text-align: left;\"><li>dr Jaros\u0142aw Bana\u015b; dr Marek M\u0119drek: Odpady z tworzyw sztucznych w perspektywie mi\u0119dzynarodowej \u2013 przegl\u0105d literatury i regulacji prawnych:<\/li><li>dr hab. Andrzej Sobczak, prof. SGH: Wybrane aspekty zarz\u0105dzania robotyzacj\u0105 proces\u00f3w biznesowych. Perspektywa zr\u00f3wnowa\u017conego zarz\u0105dzania zasobami ludzkimi<\/li><li>mgr Agnieszka Pilch; dr Wies\u0142awa Gryncewicz, dr Ryszard Zyga\u0142a: Identifying barriers to implementing medical decision support systems using artificial intelligence<\/li><li>dr Cezary St\u0119pniak, dr Tomasz Turek: Potrzeby zastosowania narz\u0119dzi 3D w zarz\u0105dzaniu inteligentnym miastem<\/li><li>dr in\u017c. Kazimierz Fr\u0105czkowski:\u00a0 Behawioralne aspekty zarz\u0105dzania niepewno\u015bci\u0105 projekt\u00f3w e-zdrowie<\/li><\/ul><\/li><\/ul><\/li><\/ul><\/li><li style=\"text-align: left;\"><strong>13.05-14.00\u00a0\u00a0 Sesja plenarna \u2013 sala 1 CKU\u00a0\u00a0 <a href=\"https:\/\/tinyurl.com\/Konferencja-IwZ2022-1CKU\"><span style=\"color: #0000ff;\">link do spotkania online<\/span><\/a><br \/><\/strong><ul><li style=\"text-align: left;\"><strong>Prowadzenie: prof. SGH, dr hab. <\/strong><strong>Andrzej Sobczak<\/strong><ul><li style=\"text-align: left;\">dr in\u017c. Ewa Walaszczyk; dr hab. in\u017c. Marcin Hernes, prof. UEW; mgr in\u017c. Agata Kozina; dr hab. Krzysztof Nowosielski, prof. UEW: Cognitive technologies for sustainable business<\/li><li style=\"text-align: left;\">prof. dr hab. Ma\u0142gorzata Pa\u0144kowska; dr Mariia Rizun: Shadow Information Technology for sustainable facilitation of knowledge development at universities<\/li><li style=\"text-align: left;\">dr Ilona Pawe\u0142oszek; dr J\u0119drzej Wieczorkowski; prof. Narendra Kumar; prof. Anna Dunay: Industry 4.0, research perspectives<\/li><\/ul><\/li><\/ul><\/li><li style=\"text-align: left;\"><strong>14.00 -14.15 Zamkni\u0119cie konferencji IwZ\u20192022 oraz zaproszenie na konferencj\u0119 IwZ\u20192023<\/strong><ul><li style=\"text-align: left;\">Prorektor ds. Bada\u0144 i Kadry Akademickiej Uniwersytetu Ekonomicznego we Wroc\u0142awiu prof. dr hab. Ewa Sta\u0144czyk-Hugiet<\/li><li style=\"text-align: left;\">dr hab. Helena Dudycz, prof. UEW<\/li><li style=\"text-align: left;\">Przedstawiciel Organizatora Konferencji \u00a0IwZ\u20192023<\/li><\/ul><\/li><li style=\"text-align: left;\">14.15 \u2013 15.00 Lunch<\/li><\/ul><h3 style=\"text-align: left;\"><strong>Sesja plakatowa:<\/strong><\/h3><ul><li style=\"text-align: left;\">dr in\u017c. Paula Bajdor: Cloud computing in terms of sustainable development evaluation and mutual relations<\/li><li style=\"text-align: left;\">mgr in\u017c. Klaudia Kaczmarczyk: Wykorzystanie uczenia maszynowego w budowie portfela akcji na przyk\u0142adzie sp\u00f3\u0142ek notowanych na Gie\u0142dzie Papier\u00f3w Warto\u015bciowych w Warszawie<\/li><li style=\"text-align: left;\">mgr Jacek Kara\u015b: Transformacja cyfrowa i implikacje dla strategii oraz zmiany organizacyjnej &#8211; przegl\u0105d literatury<\/li><li style=\"text-align: left;\">dr hab. Ewa Krok, prof. USz: ICT w planowaniu i realizacji podr\u00f3\u017cy \u2013 systematyka narz\u0119dzi i przegl\u0105d funkcjonalno\u015bci<\/li><li style=\"text-align: left;\">mgr Maciej Krzan: Metoda wielokryterialnego wspomagania decyzji SAW w wyborze dostawcy rozwi\u0105za\u0144 system\u00f3w informatycznych<\/li><li style=\"text-align: left;\">dr in\u017c. Kamal Matouk: Projekt systemu Business Intelligence do analizy danych i podejmowania decyzji w przedsi\u0119biorstwie<\/li><li style=\"text-align: left;\">dr Konrad Michalski: Systemy informatyczne w zarz\u0105dzaniu &#8211; perspektywa u\u017cytkownika logistyki i implikacje dla organizacji<\/li><li style=\"text-align: left;\">dr Pawe\u0142 Nowak: Informacyjne czy cyfrowe?<\/li><li style=\"text-align: left;\">prof. dr hab. Kazimierz Perechuda; dr Krzysztof Hauke: Determinanty rozwoju przemys\u0142u kosmicznego w Polsce<\/li><li style=\"text-align: left;\">dr hab. Anna So\u0142tysik-Piorunkiewicz, prof. UEK: Ocena wykorzystania us\u0142ug chmurowych dla potrzeb Spo\u0142ecze\u0144stwa 5.0 w \u015bwietle wynik\u00f3w bada\u0144<\/li><li style=\"text-align: left;\">mgr Anna Szymczak: Transformacja cyfrowa w regionalnych portach lotniczych<\/li><li style=\"text-align: left;\">dr in\u017c. Piotr Tutak: Analiza numeryczna wymiany ciep\u0142a w uk\u0142adzie ta\u015bma-rurka-ta\u015bma<\/li><\/ul>\t\t\t\t\t\t<\/div>\n\t\t\t\t<\/div>\n\t\t\t\t\t<\/div>\n\t\t<\/div>\n\t\t\t\t\t\t\t<\/div>\n\t\t<\/section>\n\t\t\t\t\t\t<\/div>\n\t\t\t\t\t<\/div>\n\t\t","protected":false},"excerpt":{"rendered":"<p>Program konferencji IwZ&#8217;2022 Szczeg\u00f3\u0142owy program konferencji IwZ\u20192022 (link) Komunikat dla uczestnik\u00f3w konferencji IwZ\u20192022 w trybie on-line: Wszystkie sesje \u00a0z sali 1 CKU odbywaj\u0105 \u00a0si\u0119 pod tym samym linkiem: https:\/\/tinyurl.com\/Konferencja-IwZ2022-1CKU Wszystkie sesje z sali 203 CKU odbywaj\u0105 \u00a0si\u0119 pod tym samym linkiem: https:\/\/tinyurl.com\/Konferencja-IwZ2022-203CKU 01.12.2022r. (czwartek) 08.00 \u2013 09.00 Rejestracja uczestnik\u00f3w na konferencj\u0119 bud. CKU 09.00 \u2013 [&hellip;]<\/p>\n","protected":false},"author":3,"featured_media":0,"parent":0,"menu_order":0,"comment_status":"closed","ping_status":"closed","template":"","meta":{"footnotes":""},"class_list":["post-1609","page","type-page","status-publish","hentry","entry"],"_links":{"self":[{"href":"https:\/\/iwz2022.ue.wroc.pl\/index.php?rest_route=\/wp\/v2\/pages\/1609","targetHints":{"allow":["GET"]}}],"collection":[{"href":"https:\/\/iwz2022.ue.wroc.pl\/index.php?rest_route=\/wp\/v2\/pages"}],"about":[{"href":"https:\/\/iwz2022.ue.wroc.pl\/index.php?rest_route=\/wp\/v2\/types\/page"}],"author":[{"embeddable":true,"href":"https:\/\/iwz2022.ue.wroc.pl\/index.php?rest_route=\/wp\/v2\/users\/3"}],"replies":[{"embeddable":true,"href":"https:\/\/iwz2022.ue.wroc.pl\/index.php?rest_route=%2Fwp%2Fv2%2Fcomments&post=1609"}],"version-history":[{"count":88,"href":"https:\/\/iwz2022.ue.wroc.pl\/index.php?rest_route=\/wp\/v2\/pages\/1609\/revisions"}],"predecessor-version":[{"id":1842,"href":"https:\/\/iwz2022.ue.wroc.pl\/index.php?rest_route=\/wp\/v2\/pages\/1609\/revisions\/1842"}],"wp:attachment":[{"href":"https:\/\/iwz2022.ue.wroc.pl\/index.php?rest_route=%2Fwp%2Fv2%2Fmedia&parent=1609"}],"curies":[{"name":"wp","href":"https:\/\/api.w.org\/{rel}","templated":true}]}}