{"id":144,"date":"2022-03-17T18:02:42","date_gmt":"2022-03-17T17:02:42","guid":{"rendered":"https:\/\/iwz2022.ue.wroc.pl\/?page_id=144"},"modified":"2022-12-02T12:39:51","modified_gmt":"2022-12-02T11:39:51","slug":"o-konferencji","status":"publish","type":"page","link":"https:\/\/iwz2022.ue.wroc.pl\/?page_id=144","title":{"rendered":"O konferencji"},"content":{"rendered":"\t\t<div data-elementor-type=\"wp-page\" data-elementor-id=\"144\" class=\"elementor elementor-144\" data-elementor-settings=\"[]\">\n\t\t\t\t\t\t\t<div class=\"elementor-section-wrap\">\n\t\t\t\t\t\t\t<section class=\"elementor-section elementor-top-section elementor-element elementor-element-9fa7779 elementor-section-full_width elementor-section-height-min-height elementor-section-height-default elementor-section-items-middle\" data-id=\"9fa7779\" data-element_type=\"section\" data-settings=\"{&quot;background_background&quot;:&quot;gradient&quot;,&quot;shape_divider_top&quot;:&quot;book&quot;,&quot;shape_divider_top_negative&quot;:&quot;yes&quot;}\">\n\t\t\t\t\t<div class=\"elementor-shape elementor-shape-top\" data-negative=\"true\">\n\t\t\t<svg xmlns=\"http:\/\/www.w3.org\/2000\/svg\" viewBox=\"0 0 1000 100\" preserveAspectRatio=\"none\">\n\t<path class=\"elementor-shape-fill\" d=\"M806,94.7C619.5,90,500,20.3,500,1.7c-1,18.6-117.5,88.3-306,93C92,97.2,0,97.9,0,97.9v-0l0,0v2.3h1000v-2.3 C1000,97.7,920.3,97.6,806,94.7z M350,65.1L350,65.1L350,65.1L350,65.1z\"\/>\n<\/svg>\n\t\t<\/div>\n\t\t\t\t\t<div class=\"elementor-container elementor-column-gap-default\">\n\t\t\t\t\t<div class=\"elementor-column elementor-col-100 elementor-top-column elementor-element elementor-element-9869ecf\" data-id=\"9869ecf\" data-element_type=\"column\">\n\t\t\t<div class=\"elementor-widget-wrap elementor-element-populated\">\n\t\t\t\t\t\t\t\t<section class=\"elementor-section elementor-inner-section elementor-element elementor-element-7ad04b5 elementor-section-boxed elementor-section-height-default elementor-section-height-default\" data-id=\"7ad04b5\" data-element_type=\"section\">\n\t\t\t\t\t\t<div class=\"elementor-container elementor-column-gap-default\">\n\t\t\t\t\t<div class=\"elementor-column elementor-col-50 elementor-inner-column elementor-element elementor-element-5ac926c\" data-id=\"5ac926c\" data-element_type=\"column\">\n\t\t\t<div class=\"elementor-widget-wrap elementor-element-populated\">\n\t\t\t\t\t\t\t\t<div class=\"elementor-element elementor-element-70a09d8 elementor-widget elementor-widget-heading\" data-id=\"70a09d8\" data-element_type=\"widget\" data-widget_type=\"heading.default\">\n\t\t\t\t<div class=\"elementor-widget-container\">\n\t\t\t<style>\/*! elementor - v3.5.6 - 28-02-2022 *\/\n.elementor-heading-title{padding:0;margin:0;line-height:1}.elementor-widget-heading .elementor-heading-title[class*=elementor-size-]>a{color:inherit;font-size:inherit;line-height:inherit}.elementor-widget-heading .elementor-heading-title.elementor-size-small{font-size:15px}.elementor-widget-heading .elementor-heading-title.elementor-size-medium{font-size:19px}.elementor-widget-heading .elementor-heading-title.elementor-size-large{font-size:29px}.elementor-widget-heading .elementor-heading-title.elementor-size-xl{font-size:39px}.elementor-widget-heading .elementor-heading-title.elementor-size-xxl{font-size:59px}<\/style><h1 class=\"elementor-heading-title elementor-size-default\">O konferencji Informatyka w Zarz\u0105dzaniu (IwZ)<\/h1>\t\t<\/div>\n\t\t\t\t<\/div>\n\t\t\t\t\t<\/div>\n\t\t<\/div>\n\t\t\t\t<div class=\"elementor-column elementor-col-50 elementor-inner-column elementor-element elementor-element-7a2e82b\" data-id=\"7a2e82b\" data-element_type=\"column\">\n\t\t\t<div class=\"elementor-widget-wrap elementor-element-populated\">\n\t\t\t\t\t\t\t\t<div class=\"elementor-element elementor-element-ebbe11c elementor-widget elementor-widget-image\" data-id=\"ebbe11c\" data-element_type=\"widget\" data-widget_type=\"image.default\">\n\t\t\t\t<div class=\"elementor-widget-container\">\n\t\t\t<style>\/*! elementor - v3.5.6 - 28-02-2022 *\/\n.elementor-widget-image{text-align:center}.elementor-widget-image a{display:inline-block}.elementor-widget-image a img[src$=\".svg\"]{width:48px}.elementor-widget-image img{vertical-align:middle;display:inline-block}<\/style>\t\t\t\t\t\t\t\t\t\t\t\t<img decoding=\"async\" src=\"https:\/\/iwz2022.ue.wroc.pl\/wp-content\/uploads\/elementor\/thumbs\/mein_doskonala_nauka_on_white-pww55l0dx7s7yfsb4h4j9pivvh3byr02v6cu511kug.png\" title=\"mein_doskonala_nauka_on_white\" alt=\"mein_doskonala_nauka_on_white\" \/>\t\t\t\t\t\t\t\t\t\t\t\t\t\t\t<\/div>\n\t\t\t\t<\/div>\n\t\t\t\t\t<\/div>\n\t\t<\/div>\n\t\t\t\t\t\t\t<\/div>\n\t\t<\/section>\n\t\t\t\t<div class=\"elementor-element elementor-element-fd98f0d elementor-invisible elementor-widget elementor-widget-text-editor\" data-id=\"fd98f0d\" data-element_type=\"widget\" data-settings=\"{&quot;_animation&quot;:&quot;fadeIn&quot;}\" data-widget_type=\"text-editor.default\">\n\t\t\t\t<div class=\"elementor-widget-container\">\n\t\t\t<style>\/*! elementor - v3.5.6 - 28-02-2022 *\/\n.elementor-widget-text-editor.elementor-drop-cap-view-stacked .elementor-drop-cap{background-color:#818a91;color:#fff}.elementor-widget-text-editor.elementor-drop-cap-view-framed .elementor-drop-cap{color:#818a91;border:3px solid;background-color:transparent}.elementor-widget-text-editor:not(.elementor-drop-cap-view-default) .elementor-drop-cap{margin-top:8px}.elementor-widget-text-editor:not(.elementor-drop-cap-view-default) .elementor-drop-cap-letter{width:1em;height:1em}.elementor-widget-text-editor .elementor-drop-cap{float:left;text-align:center;line-height:1;font-size:50px}.elementor-widget-text-editor .elementor-drop-cap-letter{display:inline-block}<\/style>\t\t\t\t<p><strong>Konferencja Informatyka w Zarz\u0105dzaniu IwZ&#8217;2022<\/strong><\/p><p><strong>Wroc\u0142aw 1-2 grudnia 2022<\/strong><\/p><p>Konferencja Naukowa Informatyka w Zarz\u0105dzaniu (IwZ) to coroczne spotkania pracownik\u00f3w nauki z Polski i zaproszonych badaczy o\u015brodk\u00f3w zagranicznych specjalizuj\u0105cych si\u0119 w informatyce ekonomicznej. Celem konferencji jest prezentacja wynik\u00f3w bada\u0144\u00a0 nad wykorzystaniem system\u00f3w i technologii informacyjnych do wspomagania zarz\u0105dzania w organizacjach biznesowych i publicznych. Konferencja tworzy forum wymiany osi\u0105gni\u0119\u0107 naukowych oraz podejmowania wsp\u00f3lnych inicjatyw badawczych.<\/p><p>Konferencja w ka\u017cdym roku odbywa si\u0119 w innym o\u015brodku akademickim w Polsce. Pierwsze edycje zosta\u0142y zorganizowane przez Uniwersytet Szczeci\u0144ski (2015, 2016), a potem przez Uniwersytet Marii Curie-Sk\u0142odowskiej w Lublinie (2017), Uniwersytet \u0141\u00f3dzki (2018), Uniwersytet Warszawski (2019), Uniwersytet Ekonomiczny w Katowicach (2020), aby ponownie w 2021r. przez Uniwersytet Szczeci\u0144ski.<\/p><p style=\"text-align: left;\"><strong>W roku 2022 konferencja IwZ\u20192022 jest organizowana przez Uniwersytet Ekonomiczny we Wroc\u0142awiu (UEW).<\/strong><\/p><p style=\"text-align: left;\">Konferencja Informatyka w Zarz\u0105dzaniu IwZ&#8217;2022 organizowana jest przez:<\/p><ul><li style=\"text-align: left;\">Katedr\u0119 Inteligencji Biznesowej w Zarz\u0105dzaniu;<\/li><li style=\"text-align: left;\">Katedr\u0119 System\u00f3w Informacyjnych;<\/li><li style=\"text-align: left;\">Katedr\u0119 Technologii Informacyjnych;<\/li><li style=\"text-align: left;\">Katedr\u0119 Zarz\u0105dzania Procesami;<\/li><\/ul><p style=\"text-align: left;\">oraz<\/p><ul><li style=\"text-align: left;\">Katedr\u0105 Informatyki i Rachunkowo\u015bci\u00a0 Mi\u0119dzynarodowej Uniwersytetu Ekonomicznego w Katowicach;<\/li><li style=\"text-align: left;\">Katedr\u0105 System\u00f3w Informacyjnych Zarz\u0105dzania na Wydziale Zarz\u0105dzania Uniwersytetu Warszawskiego;<\/li><li style=\"text-align: left;\">Katedr\u0105 System\u00f3w Informacyjnych i Logistyki na Wydziale Ekonomicznym Uniwersytetu Marii Curie-Sk\u0142odowskiej w Lublinie;<\/li><li style=\"text-align: left;\">Katedr\u0105 Informatyki na Wydziale Zarz\u0105dzania Uniwersytetu \u0141\u00f3dzkiego;<\/li><li style=\"text-align: left;\">Katedr\u0119 Informatyki w Zarz\u0105dzaniu\u00a0i Katedr\u0119 Metod Wspomagania Decyzji i Neuronauki Poznawczej\u00a0Uniwersytetu Szczeci\u0144skiego.<\/li><\/ul><p><strong>Konferencja Naukowa Informatyka w Zarz\u0105dzaniu IwZ\u20192022 odb\u0119dzie si\u0119 w dniach 1-2 grudnia 2022r. w Uniwersytecie Ekonomicznym we Wroc\u0142awiu<\/strong><\/p>\t\t\t\t\t\t<\/div>\n\t\t\t\t<\/div>\n\t\t\t\t<div class=\"elementor-element elementor-element-7c2f9d5 elementor-widget elementor-widget-image\" data-id=\"7c2f9d5\" data-element_type=\"widget\" data-widget_type=\"image.default\">\n\t\t\t\t<div class=\"elementor-widget-container\">\n\t\t\t\t\t\t\t\t\t\t\t\t\t\t\t<img loading=\"lazy\" decoding=\"async\" width=\"210\" height=\"300\" src=\"https:\/\/iwz2022.ue.wroc.pl\/wp-content\/uploads\/2022\/12\/plakat_budzet_panstwa-210x300.jpg\" class=\"attachment-medium size-medium\" alt=\"\" srcset=\"https:\/\/iwz2022.ue.wroc.pl\/wp-content\/uploads\/2022\/12\/plakat_budzet_panstwa-210x300.jpg 210w, https:\/\/iwz2022.ue.wroc.pl\/wp-content\/uploads\/2022\/12\/plakat_budzet_panstwa.jpg 549w\" sizes=\"auto, (max-width: 210px) 100vw, 210px\" \/>\t\t\t\t\t\t\t\t\t\t\t\t\t\t\t<\/div>\n\t\t\t\t<\/div>\n\t\t\t\t\t<\/div>\n\t\t<\/div>\n\t\t\t\t\t\t\t<\/div>\n\t\t<\/section>\n\t\t\t\t\t\t<\/div>\n\t\t\t\t\t<\/div>\n\t\t","protected":false},"excerpt":{"rendered":"<p>O konferencji Informatyka w Zarz\u0105dzaniu (IwZ) Konferencja Informatyka w Zarz\u0105dzaniu IwZ&#8217;2022 Wroc\u0142aw 1-2 grudnia 2022 Konferencja Naukowa Informatyka w Zarz\u0105dzaniu (IwZ) to coroczne spotkania pracownik\u00f3w nauki z Polski i zaproszonych badaczy o\u015brodk\u00f3w zagranicznych specjalizuj\u0105cych si\u0119 w informatyce ekonomicznej. Celem konferencji jest prezentacja wynik\u00f3w bada\u0144\u00a0 nad wykorzystaniem system\u00f3w i technologii informacyjnych do wspomagania zarz\u0105dzania w organizacjach [&hellip;]<\/p>\n","protected":false},"author":3,"featured_media":0,"parent":0,"menu_order":0,"comment_status":"closed","ping_status":"closed","template":"","meta":{"footnotes":""},"class_list":["post-144","page","type-page","status-publish","hentry","entry"],"_links":{"self":[{"href":"https:\/\/iwz2022.ue.wroc.pl\/index.php?rest_route=\/wp\/v2\/pages\/144","targetHints":{"allow":["GET"]}}],"collection":[{"href":"https:\/\/iwz2022.ue.wroc.pl\/index.php?rest_route=\/wp\/v2\/pages"}],"about":[{"href":"https:\/\/iwz2022.ue.wroc.pl\/index.php?rest_route=\/wp\/v2\/types\/page"}],"author":[{"embeddable":true,"href":"https:\/\/iwz2022.ue.wroc.pl\/index.php?rest_route=\/wp\/v2\/users\/3"}],"replies":[{"embeddable":true,"href":"https:\/\/iwz2022.ue.wroc.pl\/index.php?rest_route=%2Fwp%2Fv2%2Fcomments&post=144"}],"version-history":[{"count":105,"href":"https:\/\/iwz2022.ue.wroc.pl\/index.php?rest_route=\/wp\/v2\/pages\/144\/revisions"}],"predecessor-version":[{"id":1885,"href":"https:\/\/iwz2022.ue.wroc.pl\/index.php?rest_route=\/wp\/v2\/pages\/144\/revisions\/1885"}],"wp:attachment":[{"href":"https:\/\/iwz2022.ue.wroc.pl\/index.php?rest_route=%2Fwp%2Fv2%2Fmedia&parent=144"}],"curies":[{"name":"wp","href":"https:\/\/api.w.org\/{rel}","templated":true}]}}