{"id":1162,"date":"2022-10-29T07:14:49","date_gmt":"2022-10-29T05:14:49","guid":{"rendered":"https:\/\/iwz2022.ue.wroc.pl\/?page_id=1162"},"modified":"2022-11-18T20:44:47","modified_gmt":"2022-11-18T19:44:47","slug":"scientific-workshop","status":"publish","type":"page","link":"https:\/\/iwz2022.ue.wroc.pl\/?page_id=1162","title":{"rendered":"Scientific workshop"},"content":{"rendered":"\t\t<div data-elementor-type=\"wp-page\" data-elementor-id=\"1162\" class=\"elementor elementor-1162\" data-elementor-settings=\"[]\">\n\t\t\t\t\t\t\t<div class=\"elementor-section-wrap\">\n\t\t\t\t\t\t\t<section class=\"elementor-section elementor-top-section elementor-element elementor-element-71b1b3f6 elementor-section-full_width elementor-section-height-min-height elementor-section-items-top elementor-section-height-default\" data-id=\"71b1b3f6\" data-element_type=\"section\" data-settings=\"{&quot;background_background&quot;:&quot;gradient&quot;,&quot;shape_divider_top&quot;:&quot;book&quot;,&quot;shape_divider_top_negative&quot;:&quot;yes&quot;}\">\n\t\t\t\t\t<div class=\"elementor-shape elementor-shape-top\" data-negative=\"true\">\n\t\t\t<svg xmlns=\"http:\/\/www.w3.org\/2000\/svg\" viewBox=\"0 0 1000 100\" preserveAspectRatio=\"none\">\n\t<path class=\"elementor-shape-fill\" d=\"M806,94.7C619.5,90,500,20.3,500,1.7c-1,18.6-117.5,88.3-306,93C92,97.2,0,97.9,0,97.9v-0l0,0v2.3h1000v-2.3 C1000,97.7,920.3,97.6,806,94.7z M350,65.1L350,65.1L350,65.1L350,65.1z\"\/>\n<\/svg>\n\t\t<\/div>\n\t\t\t\t\t<div class=\"elementor-container elementor-column-gap-default\">\n\t\t\t\t\t<div class=\"elementor-column elementor-col-100 elementor-top-column elementor-element elementor-element-59222876\" data-id=\"59222876\" data-element_type=\"column\">\n\t\t\t<div class=\"elementor-widget-wrap elementor-element-populated\">\n\t\t\t\t\t\t\t\t<div class=\"elementor-element elementor-element-64ee489e elementor-invisible elementor-widget elementor-widget-text-editor\" data-id=\"64ee489e\" data-element_type=\"widget\" data-settings=\"{&quot;_animation&quot;:&quot;fadeIn&quot;}\" data-widget_type=\"text-editor.default\">\n\t\t\t\t<div class=\"elementor-widget-container\">\n\t\t\t<style>\/*! elementor - v3.5.6 - 28-02-2022 *\/\n.elementor-widget-text-editor.elementor-drop-cap-view-stacked .elementor-drop-cap{background-color:#818a91;color:#fff}.elementor-widget-text-editor.elementor-drop-cap-view-framed .elementor-drop-cap{color:#818a91;border:3px solid;background-color:transparent}.elementor-widget-text-editor:not(.elementor-drop-cap-view-default) .elementor-drop-cap{margin-top:8px}.elementor-widget-text-editor:not(.elementor-drop-cap-view-default) .elementor-drop-cap-letter{width:1em;height:1em}.elementor-widget-text-editor .elementor-drop-cap{float:left;text-align:center;line-height:1;font-size:50px}.elementor-widget-text-editor .elementor-drop-cap-letter{display:inline-block}<\/style>\t\t\t\t<h1 style=\"text-align: left;\"><b><span data-contrast=\"auto\">Scientific workshop \u201cInnovative ICT technologies supporting management, economy and finance\u201d<\/span><\/b><span data-ccp-props=\"{\">\u00a0<\/span><\/h1><p><span data-ccp-props=\"{\">\u00a0<\/span><span data-contrast=\"auto\">The aim of the workshop is to present the latest approaches, concepts, methodologies, techniques and tools related to the application of ICT in the development of management, economics and finance. Interdisciplinary workshops will enable discussion on the latest research related to modern information technologies supporting processes in management, economics and finance, focusing on artificial intelligence, collective knowledge processing and blockchain technology<\/span><span data-ccp-props=\"{\">\u00a0<\/span><\/p><p><span data-ccp-props=\"{\">\u00a0<\/span><strong>The workshop will be held on November 30, 2022\u00a0<\/strong><\/p><p style=\"text-align: left;\"><strong>\u00a0Framework program of workshop:\u00a0<\/strong><\/p><ul><li style=\"text-align: left;\"><span data-ccp-props=\"{\">\u00a0<\/span><span data-contrast=\"auto\">12.00-13.30 Lecture &#8222;Methodology of writing doctoral dissertations in the area of business informatics in management, economics and finance&#8221;<\/span><span data-ccp-props=\"{\">\u00a0<\/span><ul><li style=\"text-align: left;\">the lecture will be given by:<ul><li><strong>prof. dr hab. Ewa Ziemba, Uniwersity of Economics in Katowice<\/strong><ul><li>Ewa Ziemba jest profesorem nauk ekonomicznych. Prace naukowo-badawcze koncentruje wok\u00f3\u0142 wykorzystania technologii i system\u00f3w informatycznych na potrzeby doskonalenia biznesu, administracji publicznej i zr\u00f3wnowa\u017conego rozwoju. Jest jednym z lider\u00f3w w rozwijaniu wielowymiarowego podej\u015bcia do zr\u00f3wnowa\u017conego spo\u0142ecze\u0144stwa informacyjnego. Profesor Ewa Ziemba opublikowa\u0142a ponad 200 artyku\u0142\u00f3w naukowych i 3 monografie, jest redaktorem 20 tom\u00f3w naukowych. By\u0142a koordynatorem i g\u0142\u00f3wnym wykonawc\u0105 w ponad 30 presti\u017cowych polskich i mi\u0119dzynarodowych projektach badawczych. Jest ekspertem Narodowego Centrum Bada\u0144 i Rozwoju, Academy of Finland, Malta\u0144skiej Rady ds. Nauki i Technologii oraz Funduszu Naukowego Republiki Serbii. Profesor Ewa Ziemba wiele razy by\u0142a zapraszana do prowadzenia warsztat\u00f3w metodologicznych i wyg\u0142aszania wyk\u0142ad\u00f3w go\u015bcinnych. Wsp\u00f3\u0142pracuje z redakcjami czasopism mi\u0119dzynarodowych, jest redaktorem naczelnym Journal of Economics and Management.<\/li><li>Profesor Ewa Ziemba otrzyma\u0142a liczne nagrody za wybitne osi\u0105gni\u0119cia i prace naukowe, rozw\u00f3j m\u0142odej kadry akademickiej oraz prac\u0119 na rzecz \u015brodowiska naukowego. Otrzyma\u0142a Nagrod\u0119 Ministra Nauki i Szkolnictwa Wy\u017cszego za znaczne osi\u0105gni\u0119cie naukowe. W 2021 roku zosta\u0142a wybrana na cz\u0142onka zwyczajnego European Academy of Sciences and Arts w Salzburgu.<\/li><\/ul><\/li><li><strong>dr hab. in\u017c. Jaros\u0142aw W\u0105tr\u00f3bski, prof. US, University of Szczecin\u00a0<\/strong><\/li><\/ul><\/li><\/ul><\/li><li style=\"text-align: left;\"><span data-ccp-props=\"{\">\u00a0<\/span><span data-contrast=\"auto\">14.00-16.00 Session &#8222;Research problems undertaken by young adepts of science&#8221;<\/span><span data-ccp-props=\"{\">\u00a0<\/span><\/li><li style=\"text-align: left;\"><span data-ccp-props=\"{\">\u00a0<\/span><span data-contrast=\"auto\">16.30-18.00 Panel &#8222;Science-business cooperation&#8221;<\/span><span data-ccp-props=\"{\">\u00a0<\/span><\/li><li style=\"text-align: left;\"><span data-ccp-props=\"{\">\u00a0<\/span><span data-contrast=\"auto\">19.00 Welcome reception<\/span><span data-ccp-props=\"{\">\u00a0<\/span><\/li><\/ul><p><span data-ccp-props=\"{\">\u00a0<\/span><span data-contrast=\"auto\">\u00a0<span style=\"color: #0000ff;\"><a style=\"color: #0000ff;\" href=\"https:\/\/forms.office.com\/r\/gjazbSZLQF\">Registration using the application form (link)<\/a><\/span><\/span><span style=\"color: #0000ff;\" data-ccp-props=\"{\">\u00a0<\/span><\/p><p><span style=\"color: #ff0000;\">\u00a0The project is financed by the Ministry of Science and Higher Education in Poland under the programme \u201eRegional Initiative of Excellence\u201d 2019\u20132022 project number 015\/RID\/2018\/19 total funding amount 10 721 040.00 PLN.\u00a0<\/span><\/p>\t\t\t\t\t\t<\/div>\n\t\t\t\t<\/div>\n\t\t\t\t\t<\/div>\n\t\t<\/div>\n\t\t\t\t\t\t\t<\/div>\n\t\t<\/section>\n\t\t\t\t\t\t<\/div>\n\t\t\t\t\t<\/div>\n\t\t","protected":false},"excerpt":{"rendered":"<p>Scientific workshop \u201cInnovative ICT technologies supporting management, economy and finance\u201d\u00a0 \u00a0The aim of the workshop is to present the latest approaches, concepts, methodologies, techniques and tools related to the application of ICT in the development of management, economics and finance. Interdisciplinary workshops will enable discussion on the latest research related to modern information technologies supporting [&hellip;]<\/p>\n","protected":false},"author":3,"featured_media":0,"parent":0,"menu_order":0,"comment_status":"closed","ping_status":"closed","template":"","meta":{"footnotes":""},"class_list":["post-1162","page","type-page","status-publish","hentry","entry"],"_links":{"self":[{"href":"https:\/\/iwz2022.ue.wroc.pl\/index.php?rest_route=\/wp\/v2\/pages\/1162","targetHints":{"allow":["GET"]}}],"collection":[{"href":"https:\/\/iwz2022.ue.wroc.pl\/index.php?rest_route=\/wp\/v2\/pages"}],"about":[{"href":"https:\/\/iwz2022.ue.wroc.pl\/index.php?rest_route=\/wp\/v2\/types\/page"}],"author":[{"embeddable":true,"href":"https:\/\/iwz2022.ue.wroc.pl\/index.php?rest_route=\/wp\/v2\/users\/3"}],"replies":[{"embeddable":true,"href":"https:\/\/iwz2022.ue.wroc.pl\/index.php?rest_route=%2Fwp%2Fv2%2Fcomments&post=1162"}],"version-history":[{"count":20,"href":"https:\/\/iwz2022.ue.wroc.pl\/index.php?rest_route=\/wp\/v2\/pages\/1162\/revisions"}],"predecessor-version":[{"id":1515,"href":"https:\/\/iwz2022.ue.wroc.pl\/index.php?rest_route=\/wp\/v2\/pages\/1162\/revisions\/1515"}],"wp:attachment":[{"href":"https:\/\/iwz2022.ue.wroc.pl\/index.php?rest_route=%2Fwp%2Fv2%2Fmedia&parent=1162"}],"curies":[{"name":"wp","href":"https:\/\/api.w.org\/{rel}","templated":true}]}}